{"id":8,"date":"2016-07-04T17:52:17","date_gmt":"2016-07-04T17:52:17","guid":{"rendered":"http:\/\/ilcaffedelprofessore.it\/?page_id=8"},"modified":"2016-11-28T16:10:53","modified_gmt":"2016-11-28T16:10:53","slug":"storia","status":"publish","type":"page","link":"https:\/\/ilcaffedelprofessore.it\/en\/storia\/","title":{"rendered":"Background"},"content":{"rendered":"[vc_row][vc_column width=&#8221;1\/2&#8243;][mk_button dimension=&#8221;two&#8221; size=&#8221;x-large&#8221; icon_anim=&#8221;side&#8221; url=&#8221;?page_id=80&#8243; fullwidth=&#8221;true&#8221; animation=&#8221;fade-in&#8221;]The coffee man[\/mk_button][vc_single_image image=&#8221;89&#8243; img_size=&#8221;full&#8221; add_caption=&#8221;yes&#8221; style=&#8221;vc_box_rounded&#8221; onclick=&#8221;custom_link&#8221; link=&#8221;?page_id=80&#8243;][vc_separator css=&#8221;.vc_custom_1469033262152{margin-top: 15px !important;margin-bottom: 30px !important;}&#8221;][\/vc_column][vc_column width=&#8221;1\/2&#8243;][mk_button dimension=&#8221;two&#8221; size=&#8221;x-large&#8221; icon_anim=&#8221;side&#8221; url=&#8221;?page_id=54&#8243; fullwidth=&#8221;true&#8221; animation=&#8221;fade-in&#8221;]Advertising and packaging[\/mk_button][vc_single_image image=&#8221;90&#8243; img_size=&#8221;full&#8221; add_caption=&#8221;yes&#8221; style=&#8221;vc_box_rounded&#8221; onclick=&#8221;custom_link&#8221; link=&#8221;?page_id=54&#8243;][vc_separator css=&#8221;.vc_custom_1469033262152{margin-top: 15px !important;margin-bottom: 30px !important;}&#8221;][\/vc_column][\/vc_row]","protected":false},"excerpt":{"rendered":"<p>[vc_row][vc_column width=&#8221;1\/2&#8243;][mk_button dimension=&#8221;two&#8221; size=&#8221;x-large&#8221; icon_anim=&#8221;side&#8221; url=&#8221;?page_id=80&#8243; fullwidth=&#8221;true&#8221; animation=&#8221;fade-in&#8221;]The coffee man[\/mk_button][vc_single_image image=&#8221;89&#8243; img_size=&#8221;full&#8221; add_caption=&#8221;yes&#8221; style=&#8221;vc_box_rounded&#8221; onclick=&#8221;custom_link&#8221; link=&#8221;?page_id=80&#8243;][vc_separator css=&#8221;.vc_custom_1469033262152{margin-top: 15px !important;margin-bottom: 30px !important;}&#8221;][\/vc_column][vc_column width=&#8221;1\/2&#8243;][mk_button dimension=&#8221;two&#8221; size=&#8221;x-large&#8221; icon_anim=&#8221;side&#8221; url=&#8221;?page_id=54&#8243; fullwidth=&#8221;true&#8221; animation=&#8221;fade-in&#8221;]Advertising and packaging[\/mk_button][vc_single_image image=&#8221;90&#8243; img_size=&#8221;full&#8221; add_caption=&#8221;yes&#8221; style=&#8221;vc_box_rounded&#8221; onclick=&#8221;custom_link&#8221; link=&#8221;?page_id=54&#8243;][vc_separator css=&#8221;.vc_custom_1469033262152{margin-top: 15px !important;margin-bottom: 30px !important;}&#8221;][\/vc_column][\/vc_row]<\/p>\n","protected":false},"author":2,"featured_media":0,"parent":0,"menu_order":0,"comment_status":"closed","ping_status":"closed","template":"","meta":{"footnotes":""},"class_list":["post-8","page","type-page","status-publish","hentry"],"yoast_head":"<!-- This site is optimized with the Yoast SEO plugin v23.3 - https:\/\/yoast.com\/wordpress\/plugins\/seo\/ -->\n<title>(Italiano) Caff\u00e8 del Professore - Storia - L&#039;uomo del caff\u00e8 - Campagne e confezioni<\/title>\n<meta name=\"description\" content=\"(Italiano) Storia del Caff\u00e8 del Professore: L&#039;uomo del caff\u00e8, Campagne e confezioni.\" \/>\n<meta name=\"robots\" content=\"index, follow, max-snippet:-1, max-image-preview:large, max-video-preview:-1\" \/>\n<link rel=\"canonical\" href=\"https:\/\/ilcaffedelprofessore.it\/en\/storia\/\" \/>\n<meta property=\"og:locale\" content=\"en_US\" \/>\n<meta property=\"og:type\" content=\"article\" \/>\n<meta property=\"og:title\" content=\"(Italiano) Caff\u00e8 del Professore - Storia - L&#039;uomo del caff\u00e8 - Campagne e confezioni\" \/>\n<meta property=\"og:description\" content=\"(Italiano) Storia del Caff\u00e8 del Professore: L&#039;uomo del caff\u00e8, Campagne e confezioni.\" \/>\n<meta property=\"og:url\" content=\"https:\/\/ilcaffedelprofessore.it\/en\/storia\/\" \/>\n<meta property=\"og:site_name\" content=\"Caff\u00e8 del Professore Italy\" \/>\n<meta property=\"article:publisher\" content=\"https:\/\/www.facebook.com\/caffedelprofessoreitalia\" \/>\n<meta property=\"article:modified_time\" content=\"2016-11-28T16:10:53+00:00\" \/>\n<meta name=\"twitter:card\" content=\"summary_large_image\" \/>\n<meta name=\"twitter:label1\" content=\"Est. reading time\" \/>\n\t<meta name=\"twitter:data1\" content=\"1 minute\" \/>\n<script type=\"application\/ld+json\" class=\"yoast-schema-graph\">{\"@context\":\"https:\/\/schema.org\",\"@graph\":[{\"@type\":\"WebPage\",\"@id\":\"https:\/\/ilcaffedelprofessore.it\/en\/storia\/\",\"url\":\"https:\/\/ilcaffedelprofessore.it\/en\/storia\/\",\"name\":\"(Italiano) Caff\u00e8 del Professore - Storia - L'uomo del caff\u00e8 - Campagne e confezioni\",\"isPartOf\":{\"@id\":\"https:\/\/ilcaffedelprofessore.it\/en\/#website\"},\"datePublished\":\"2016-07-04T17:52:17+00:00\",\"dateModified\":\"2016-11-28T16:10:53+00:00\",\"description\":\"(Italiano) Storia del Caff\u00e8 del Professore: L'uomo del caff\u00e8, Campagne e confezioni.\",\"breadcrumb\":{\"@id\":\"https:\/\/ilcaffedelprofessore.it\/en\/storia\/#breadcrumb\"},\"inLanguage\":\"en-US\",\"potentialAction\":[{\"@type\":\"ReadAction\",\"target\":[\"https:\/\/ilcaffedelprofessore.it\/en\/storia\/\"]}]},{\"@type\":\"BreadcrumbList\",\"@id\":\"https:\/\/ilcaffedelprofessore.it\/en\/storia\/#breadcrumb\",\"itemListElement\":[{\"@type\":\"ListItem\",\"position\":1,\"name\":\"Home\",\"item\":\"https:\/\/ilcaffedelprofessore.it\/\"},{\"@type\":\"ListItem\",\"position\":2,\"name\":\"Background\"}]},{\"@type\":\"WebSite\",\"@id\":\"https:\/\/ilcaffedelprofessore.it\/en\/#website\",\"url\":\"https:\/\/ilcaffedelprofessore.it\/en\/\",\"name\":\"Caff\u00e8 del Professore Italy\",\"description\":\"Coffee industry\",\"potentialAction\":[{\"@type\":\"SearchAction\",\"target\":{\"@type\":\"EntryPoint\",\"urlTemplate\":\"https:\/\/ilcaffedelprofessore.it\/en\/?s={search_term_string}\"},\"query-input\":\"required name=search_term_string\"}],\"inLanguage\":\"en-US\"}]}<\/script>\n<!-- \/ Yoast SEO plugin. -->","yoast_head_json":{"title":"(Italiano) Caff\u00e8 del Professore - Storia - L'uomo del caff\u00e8 - Campagne e confezioni","description":"(Italiano) Storia del Caff\u00e8 del Professore: L'uomo del caff\u00e8, Campagne e confezioni.","robots":{"index":"index","follow":"follow","max-snippet":"max-snippet:-1","max-image-preview":"max-image-preview:large","max-video-preview":"max-video-preview:-1"},"canonical":"https:\/\/ilcaffedelprofessore.it\/en\/storia\/","og_locale":"en_US","og_type":"article","og_title":"(Italiano) Caff\u00e8 del Professore - Storia - L'uomo del caff\u00e8 - Campagne e confezioni","og_description":"(Italiano) Storia del Caff\u00e8 del Professore: L'uomo del caff\u00e8, Campagne e confezioni.","og_url":"https:\/\/ilcaffedelprofessore.it\/en\/storia\/","og_site_name":"Caff\u00e8 del Professore Italy","article_publisher":"https:\/\/www.facebook.com\/caffedelprofessoreitalia","article_modified_time":"2016-11-28T16:10:53+00:00","twitter_card":"summary_large_image","twitter_misc":{"Est. reading time":"1 minute"},"schema":{"@context":"https:\/\/schema.org","@graph":[{"@type":"WebPage","@id":"https:\/\/ilcaffedelprofessore.it\/en\/storia\/","url":"https:\/\/ilcaffedelprofessore.it\/en\/storia\/","name":"(Italiano) Caff\u00e8 del Professore - Storia - L'uomo del caff\u00e8 - Campagne e confezioni","isPartOf":{"@id":"https:\/\/ilcaffedelprofessore.it\/en\/#website"},"datePublished":"2016-07-04T17:52:17+00:00","dateModified":"2016-11-28T16:10:53+00:00","description":"(Italiano) Storia del Caff\u00e8 del Professore: L'uomo del caff\u00e8, Campagne e confezioni.","breadcrumb":{"@id":"https:\/\/ilcaffedelprofessore.it\/en\/storia\/#breadcrumb"},"inLanguage":"en-US","potentialAction":[{"@type":"ReadAction","target":["https:\/\/ilcaffedelprofessore.it\/en\/storia\/"]}]},{"@type":"BreadcrumbList","@id":"https:\/\/ilcaffedelprofessore.it\/en\/storia\/#breadcrumb","itemListElement":[{"@type":"ListItem","position":1,"name":"Home","item":"https:\/\/ilcaffedelprofessore.it\/"},{"@type":"ListItem","position":2,"name":"Background"}]},{"@type":"WebSite","@id":"https:\/\/ilcaffedelprofessore.it\/en\/#website","url":"https:\/\/ilcaffedelprofessore.it\/en\/","name":"Caff\u00e8 del Professore Italy","description":"Coffee industry","potentialAction":[{"@type":"SearchAction","target":{"@type":"EntryPoint","urlTemplate":"https:\/\/ilcaffedelprofessore.it\/en\/?s={search_term_string}"},"query-input":"required name=search_term_string"}],"inLanguage":"en-US"}]}},"_links":{"self":[{"href":"https:\/\/ilcaffedelprofessore.it\/en\/wp-json\/wp\/v2\/pages\/8","targetHints":{"allow":["GET"]}}],"collection":[{"href":"https:\/\/ilcaffedelprofessore.it\/en\/wp-json\/wp\/v2\/pages"}],"about":[{"href":"https:\/\/ilcaffedelprofessore.it\/en\/wp-json\/wp\/v2\/types\/page"}],"author":[{"embeddable":true,"href":"https:\/\/ilcaffedelprofessore.it\/en\/wp-json\/wp\/v2\/users\/2"}],"replies":[{"embeddable":true,"href":"https:\/\/ilcaffedelprofessore.it\/en\/wp-json\/wp\/v2\/comments?post=8"}],"version-history":[{"count":25,"href":"https:\/\/ilcaffedelprofessore.it\/en\/wp-json\/wp\/v2\/pages\/8\/revisions"}],"predecessor-version":[{"id":161,"href":"https:\/\/ilcaffedelprofessore.it\/en\/wp-json\/wp\/v2\/pages\/8\/revisions\/161"}],"wp:attachment":[{"href":"https:\/\/ilcaffedelprofessore.it\/en\/wp-json\/wp\/v2\/media?parent=8"}],"curies":[{"name":"wp","href":"https:\/\/api.w.org\/{rel}","templated":true}]}}