{"id":6,"date":"2016-07-04T17:50:38","date_gmt":"2016-07-04T17:50:38","guid":{"rendered":"http:\/\/ilcaffedelprofessore.it\/?page_id=6"},"modified":"2023-10-25T12:58:55","modified_gmt":"2023-10-25T12:58:55","slug":"caffe-del-professore","status":"publish","type":"page","link":"https:\/\/ilcaffedelprofessore.it\/en\/","title":{"rendered":"Caff\u00e8 del Professore"},"content":{"rendered":"[vc_row fullwidth=&#8221;true&#8221; fullwidth_content=&#8221;false&#8221; css=&#8221;.vc_custom_1696586295556{background-position: center !important;background-repeat: no-repeat !important;background-size: cover !important;}&#8221;][vc_column][mk_image_slideshow images=&#8221;400,226,225&#8243; image_width=&#8221;1300&#8243; image_height=&#8221;600&#8243; effect=&#8221;slide&#8221;][vc_empty_space height=&#8221;30px&#8221;][\/vc_column][\/vc_row][vc_row fullwidth=&#8221;true&#8221; fullwidth_content=&#8221;false&#8221; css=&#8221;.vc_custom_1696845114982{padding-top: 60px !important;padding-bottom: 30px !important;background-image: url(https:\/\/ilcaffedelprofessore.it\/ripristino\/wp-content\/uploads\/2021\/09\/bkgr_Special-25-Years.jpg?id=362) !important;background-position: center !important;background-repeat: no-repeat !important;background-size: cover !important;}&#8221;][vc_column][vc_single_image image=&#8221;405&#8243; img_size=&#8221;full&#8221; css=&#8221;.vc_custom_1666950133919{padding-right: 10px !important;padding-left: 10px !important;}&#8221;][\/vc_column][\/vc_row][vc_row css=&#8221;.vc_custom_1635349073900{padding-top: 80px !important;padding-bottom: 60px !important;}&#8221;][vc_column][vc_column_text]\n<p style=\"text-align: center;\">&#8220;Caff\u00e8 del Professore&#8221; is a leading Company of the Moka Termini Group.<br \/>\nIt takes advantage of the Group&#8217;s logistic and technological support. It is widely distributed in specialised and general stores in Italy. &#8220;Caff\u00e8 del Professore&#8221; blended specially for coffee bars is marketed directly by theSales Manager, who takes care of all steps leading to affiliation. Nunzio Termini used to say that &#8220;Caff\u00e8 del Professore&#8221; was Italy&#8217;s finest coffee, destined to conquer the whole peninsula first, the world then.<\/p>\n[\/vc_column_text][\/vc_column][\/vc_row][vc_row css=&#8221;.vc_custom_1697186382847{padding-top: 0px !important;padding-bottom: 80px !important;}&#8221;][vc_column][vc_raw_html]JTNDZGl2JTIwY2xhc3MlM0QlMjJjb250YWluZXIlMjIlM0UlMEElM0NpZnJhbWUlMjBzcmMlM0QlMjIlMkYlMkZ3d3cueW91dHViZS5jb20lMkZlbWJlZCUyRkdwa3BwU2h0S3hnJTIyJTIwZnJhbWVib3JkZXIlM0QlMjIwJTIyJTIwYWxsb3dmdWxsc2NyZWVuJTIwY2xhc3MlM0QlMjJ2aWRlbyUyMiUzRSUzQyUyRmlmcmFtZSUzRSUwQSUzQyUyRmRpdiUzRSUwQSUwQSUzQ3N0eWxlJTNFJTBBJTBBLmNvbnRhaW5lciUyMCU3QiUwQSUyMCUyMCUyMCUyMHBvc2l0aW9uJTNBJTIwcmVsYXRpdmUlM0IlMEElMjAlMjAlMjAlMjB3aWR0aCUzQSUyMDEwMCUyNSUzQiUwQSUyMCUyMCUyMCUyMGhlaWdodCUzQSUyMDAlM0IlMEElMjAlMjAlMjAlMjBwYWRkaW5nLWJvdHRvbSUzQSUyMDU2LjI1JTI1JTNCJTBBJTdEJTBBLnZpZGVvJTIwJTdCJTBBJTIwJTIwJTIwJTIwcG9zaXRpb24lM0ElMjBhYnNvbHV0ZSUzQiUwQSUyMCUyMCUyMCUyMHRvcCUzQSUyMDAlM0IlMEElMjAlMjAlMjAlMjBsZWZ0JTNBJTIwMCUzQiUwQSUyMCUyMCUyMCUyMHdpZHRoJTNBJTIwMTAwJTI1JTNCJTBBJTIwJTIwJTIwJTIwaGVpZ2h0JTNBJTIwMTAwJTI1JTNCJTBBJTdEJTBBJTNDJTJGc3R5bGUlM0U=[\/vc_raw_html][\/vc_column][\/vc_row]","protected":false},"excerpt":{"rendered":"<p>[vc_row fullwidth=&#8221;true&#8221; fullwidth_content=&#8221;false&#8221; css=&#8221;.vc_custom_1696586295556{background-position: center !important;background-repeat: no-repeat !important;background-size: cover !important;}&#8221;][vc_column][mk_image_slideshow images=&#8221;400,226,225&#8243; image_width=&#8221;1300&#8243; image_height=&#8221;600&#8243; effect=&#8221;slide&#8221;][vc_empty_space height=&#8221;30px&#8221;][\/vc_column][\/vc_row][vc_row fullwidth=&#8221;true&#8221; fullwidth_content=&#8221;false&#8221; css=&#8221;.vc_custom_1696845114982{padding-top: 60px !important;padding-bottom: 30px !important;background-image: url(https:\/\/ilcaffedelprofessore.it\/ripristino\/wp-content\/uploads\/2021\/09\/bkgr_Special-25-Years.jpg?id=362) !important;background-position: center !important;background-repeat: no-repeat !important;background-size: cover !important;}&#8221;][vc_column][vc_single_image image=&#8221;405&#8243; img_size=&#8221;full&#8221; css=&#8221;.vc_custom_1666950133919{padding-right: 10px !important;padding-left: 10px !important;}&#8221;][\/vc_column][\/vc_row][vc_row css=&#8221;.vc_custom_1635349073900{padding-top: 80px !important;padding-bottom: 60px !important;}&#8221;][vc_column][vc_column_text] &#8220;Caff\u00e8 del Professore&#8221; is a leading Company of the Moka Termini Group. It [&hellip;]<\/p>\n","protected":false},"author":2,"featured_media":0,"parent":0,"menu_order":0,"comment_status":"closed","ping_status":"closed","template":"","meta":{"footnotes":""},"class_list":["post-6","page","type-page","status-publish","hentry"],"yoast_head":"<!-- This site is optimized with the Yoast SEO plugin v23.3 - https:\/\/yoast.com\/wordpress\/plugins\/seo\/ -->\n<title>Caff\u00e8 del Professore Italia - Industria del caff\u00e8<\/title>\n<meta name=\"description\" content=\"Caff\u00e8 del Professore \u00e8 un marchio della Moka Termini srl.\" \/>\n<meta name=\"robots\" content=\"index, follow, max-snippet:-1, max-image-preview:large, max-video-preview:-1\" \/>\n<link rel=\"canonical\" href=\"https:\/\/ilcaffedelprofessore.it\/\" \/>\n<meta property=\"og:locale\" content=\"en_US\" \/>\n<meta property=\"og:type\" content=\"article\" \/>\n<meta property=\"og:title\" content=\"Caff\u00e8 del Professore Italia - Industria del caff\u00e8\" \/>\n<meta property=\"og:description\" content=\"Caff\u00e8 del Professore \u00e8 un marchio della Moka Termini srl.\" \/>\n<meta property=\"og:url\" content=\"https:\/\/ilcaffedelprofessore.it\/\" \/>\n<meta property=\"og:site_name\" content=\"Caff\u00e8 del Professore Italy\" \/>\n<meta property=\"article:publisher\" content=\"https:\/\/www.facebook.com\/caffedelprofessoreitalia\" \/>\n<meta property=\"article:modified_time\" content=\"2023-10-25T12:58:55+00:00\" \/>\n<meta name=\"twitter:card\" content=\"summary_large_image\" \/>\n<meta name=\"twitter:label1\" content=\"Est. reading time\" \/>\n\t<meta name=\"twitter:data1\" content=\"2 minutes\" \/>\n<script type=\"application\/ld+json\" class=\"yoast-schema-graph\">{\"@context\":\"https:\/\/schema.org\",\"@graph\":[{\"@type\":\"WebPage\",\"@id\":\"https:\/\/ilcaffedelprofessore.it\/\",\"url\":\"https:\/\/ilcaffedelprofessore.it\/\",\"name\":\"Caff\u00e8 del Professore Italia - Industria del caff\u00e8\",\"isPartOf\":{\"@id\":\"https:\/\/ilcaffedelprofessore.it\/en\/#website\"},\"datePublished\":\"2016-07-04T17:50:38+00:00\",\"dateModified\":\"2023-10-25T12:58:55+00:00\",\"description\":\"Caff\u00e8 del Professore \u00e8 un marchio della Moka Termini srl.\",\"breadcrumb\":{\"@id\":\"https:\/\/ilcaffedelprofessore.it\/#breadcrumb\"},\"inLanguage\":\"en-US\",\"potentialAction\":[{\"@type\":\"ReadAction\",\"target\":[\"https:\/\/ilcaffedelprofessore.it\/\"]}]},{\"@type\":\"BreadcrumbList\",\"@id\":\"https:\/\/ilcaffedelprofessore.it\/#breadcrumb\",\"itemListElement\":[{\"@type\":\"ListItem\",\"position\":1,\"name\":\"Home\",\"item\":\"https:\/\/ilcaffedelprofessore.it\/\"},{\"@type\":\"ListItem\",\"position\":2,\"name\":\"Caff\u00e8 del Professore\"}]},{\"@type\":\"WebSite\",\"@id\":\"https:\/\/ilcaffedelprofessore.it\/en\/#website\",\"url\":\"https:\/\/ilcaffedelprofessore.it\/en\/\",\"name\":\"Caff\u00e8 del Professore Italy\",\"description\":\"Coffee industry\",\"potentialAction\":[{\"@type\":\"SearchAction\",\"target\":{\"@type\":\"EntryPoint\",\"urlTemplate\":\"https:\/\/ilcaffedelprofessore.it\/en\/?s={search_term_string}\"},\"query-input\":\"required name=search_term_string\"}],\"inLanguage\":\"en-US\"}]}<\/script>\n<!-- \/ Yoast SEO plugin. -->","yoast_head_json":{"title":"Caff\u00e8 del Professore Italia - Industria del caff\u00e8","description":"Caff\u00e8 del Professore \u00e8 un marchio della Moka Termini srl.","robots":{"index":"index","follow":"follow","max-snippet":"max-snippet:-1","max-image-preview":"max-image-preview:large","max-video-preview":"max-video-preview:-1"},"canonical":"https:\/\/ilcaffedelprofessore.it\/","og_locale":"en_US","og_type":"article","og_title":"Caff\u00e8 del Professore Italia - Industria del caff\u00e8","og_description":"Caff\u00e8 del Professore \u00e8 un marchio della Moka Termini srl.","og_url":"https:\/\/ilcaffedelprofessore.it\/","og_site_name":"Caff\u00e8 del Professore Italy","article_publisher":"https:\/\/www.facebook.com\/caffedelprofessoreitalia","article_modified_time":"2023-10-25T12:58:55+00:00","twitter_card":"summary_large_image","twitter_misc":{"Est. reading time":"2 minutes"},"schema":{"@context":"https:\/\/schema.org","@graph":[{"@type":"WebPage","@id":"https:\/\/ilcaffedelprofessore.it\/","url":"https:\/\/ilcaffedelprofessore.it\/","name":"Caff\u00e8 del Professore Italia - Industria del caff\u00e8","isPartOf":{"@id":"https:\/\/ilcaffedelprofessore.it\/en\/#website"},"datePublished":"2016-07-04T17:50:38+00:00","dateModified":"2023-10-25T12:58:55+00:00","description":"Caff\u00e8 del Professore \u00e8 un marchio della Moka Termini srl.","breadcrumb":{"@id":"https:\/\/ilcaffedelprofessore.it\/#breadcrumb"},"inLanguage":"en-US","potentialAction":[{"@type":"ReadAction","target":["https:\/\/ilcaffedelprofessore.it\/"]}]},{"@type":"BreadcrumbList","@id":"https:\/\/ilcaffedelprofessore.it\/#breadcrumb","itemListElement":[{"@type":"ListItem","position":1,"name":"Home","item":"https:\/\/ilcaffedelprofessore.it\/"},{"@type":"ListItem","position":2,"name":"Caff\u00e8 del Professore"}]},{"@type":"WebSite","@id":"https:\/\/ilcaffedelprofessore.it\/en\/#website","url":"https:\/\/ilcaffedelprofessore.it\/en\/","name":"Caff\u00e8 del Professore Italy","description":"Coffee industry","potentialAction":[{"@type":"SearchAction","target":{"@type":"EntryPoint","urlTemplate":"https:\/\/ilcaffedelprofessore.it\/en\/?s={search_term_string}"},"query-input":"required name=search_term_string"}],"inLanguage":"en-US"}]}},"_links":{"self":[{"href":"https:\/\/ilcaffedelprofessore.it\/en\/wp-json\/wp\/v2\/pages\/6","targetHints":{"allow":["GET"]}}],"collection":[{"href":"https:\/\/ilcaffedelprofessore.it\/en\/wp-json\/wp\/v2\/pages"}],"about":[{"href":"https:\/\/ilcaffedelprofessore.it\/en\/wp-json\/wp\/v2\/types\/page"}],"author":[{"embeddable":true,"href":"https:\/\/ilcaffedelprofessore.it\/en\/wp-json\/wp\/v2\/users\/2"}],"replies":[{"embeddable":true,"href":"https:\/\/ilcaffedelprofessore.it\/en\/wp-json\/wp\/v2\/comments?post=6"}],"version-history":[{"count":75,"href":"https:\/\/ilcaffedelprofessore.it\/en\/wp-json\/wp\/v2\/pages\/6\/revisions"}],"predecessor-version":[{"id":460,"href":"https:\/\/ilcaffedelprofessore.it\/en\/wp-json\/wp\/v2\/pages\/6\/revisions\/460"}],"wp:attachment":[{"href":"https:\/\/ilcaffedelprofessore.it\/en\/wp-json\/wp\/v2\/media?parent=6"}],"curies":[{"name":"wp","href":"https:\/\/api.w.org\/{rel}","templated":true}]}}