{"id":200,"date":"2021-09-23T07:49:19","date_gmt":"2021-09-23T07:49:19","guid":{"rendered":"http:\/\/ilcaffedelprofessore.it\/?page_id=200"},"modified":"2022-09-16T10:42:08","modified_gmt":"2022-09-16T10:42:08","slug":"home-demo","status":"publish","type":"page","link":"https:\/\/ilcaffedelprofessore.it\/en\/home-demo\/","title":{"rendered":"Home demo"},"content":{"rendered":"[vc_row fullwidth=&#8221;true&#8221; fullwidth_content=&#8221;false&#8221; css=&#8221;.vc_custom_1635349132415{background-image: url(http:\/\/ilcaffedelprofessore.it\/wp-content\/uploads\/2021\/09\/bkgr_2021.jpg?id=206) !important;background-position: center !important;background-repeat: no-repeat !important;background-size: cover !important;}&#8221;][vc_column][mk_image_slideshow images=&#8221;391,205,222&#8243; image_width=&#8221;1300&#8243; image_height=&#8221;600&#8243; effect=&#8221;slide&#8221;][\/vc_column][\/vc_row][vc_row fullwidth=&#8221;true&#8221; fullwidth_content=&#8221;false&#8221; css=&#8221;.vc_custom_1663025061297{padding-top: 60px !important;padding-bottom: 30px !important;background-image: url(http:\/\/ilcaffedelprofessore.it\/wp-content\/uploads\/2021\/09\/bkgr_Special-25-Years.jpg?id=362) !important;background-position: center !important;background-repeat: no-repeat !important;background-size: cover !important;}&#8221;][vc_column][vc_single_image image=&#8221;389&#8243; img_size=&#8221;full&#8221;][\/vc_column][\/vc_row][vc_row fullwidth=&#8221;true&#8221; fullwidth_content=&#8221;false&#8221; css=&#8221;.vc_custom_1663025133282{padding-top: 80px !important;padding-bottom: 60px !important;background-color: #402000 !important;}&#8221;][vc_column][vc_column_text el_class=&#8221;home-text&#8221;]\n<p style=\"text-align: center; color: #fff;\">Caff\u00e8 del Professore \u00e8 un marchio della Moka Termini srl. Si avvale del supporto logistico e organizzativo di un&#8217;azienda in continua espansione. Il Caff\u00e8 del Professore viene distribuito nella GDO e nei negozi al dettaglio grazie alla rete vendita, che si avvale di mezzi propri o di corrieri specializzati, in imballaggi idonei ai volumi d&#8217;ordine, dai pallet ai blister. Nunzio Termini disse pi\u00f9 di una volta che il\u00a0 Caff\u00e8 del Professore era &#8220;il pi\u00f9 buono\u00a0 d&#8217;Italia&#8221;, che avrebbe col tempo conquistato l&#8217;Italia: se chi legge sta\u00a0 aprendo un bar, se lo sta rilevando, se ha\u00a0 gi\u00e0 un&#8217;attivit\u00e0 avviata, pu\u00f2 farsi partecipe di questa conquista.<\/p>\n[\/vc_column_text][\/vc_column][\/vc_row]","protected":false},"excerpt":{"rendered":"<p>[vc_row fullwidth=&#8221;true&#8221; fullwidth_content=&#8221;false&#8221; css=&#8221;.vc_custom_1635349132415{background-image: url(http:\/\/ilcaffedelprofessore.it\/wp-content\/uploads\/2021\/09\/bkgr_2021.jpg?id=206) !important;background-position: center !important;background-repeat: no-repeat !important;background-size: cover !important;}&#8221;][vc_column][mk_image_slideshow images=&#8221;391,205,222&#8243; image_width=&#8221;1300&#8243; image_height=&#8221;600&#8243; effect=&#8221;slide&#8221;][\/vc_column][\/vc_row][vc_row fullwidth=&#8221;true&#8221; fullwidth_content=&#8221;false&#8221; css=&#8221;.vc_custom_1663025061297{padding-top: 60px !important;padding-bottom: 30px !important;background-image: url(http:\/\/ilcaffedelprofessore.it\/wp-content\/uploads\/2021\/09\/bkgr_Special-25-Years.jpg?id=362) !important;background-position: center !important;background-repeat: no-repeat !important;background-size: cover !important;}&#8221;][vc_column][vc_single_image image=&#8221;389&#8243; img_size=&#8221;full&#8221;][\/vc_column][\/vc_row][vc_row fullwidth=&#8221;true&#8221; fullwidth_content=&#8221;false&#8221; css=&#8221;.vc_custom_1663025133282{padding-top: 80px !important;padding-bottom: 60px !important;background-color: #402000 !important;}&#8221;][vc_column][vc_column_text el_class=&#8221;home-text&#8221;] Caff\u00e8 del Professore \u00e8 un marchio della Moka Termini srl. Si avvale [&hellip;]<\/p>\n","protected":false},"author":2,"featured_media":0,"parent":0,"menu_order":0,"comment_status":"closed","ping_status":"closed","template":"","meta":{"footnotes":""},"class_list":["post-200","page","type-page","status-publish","hentry"],"yoast_head":"<!-- This site is optimized with the Yoast SEO plugin v23.3 - https:\/\/yoast.com\/wordpress\/plugins\/seo\/ -->\n<title>Home demo - Caff\u00e8 del Professore Italy<\/title>\n<meta name=\"robots\" content=\"index, follow, max-snippet:-1, max-image-preview:large, max-video-preview:-1\" \/>\n<link rel=\"canonical\" href=\"https:\/\/ilcaffedelprofessore.it\/home-demo\/\" \/>\n<meta property=\"og:locale\" content=\"en_US\" \/>\n<meta property=\"og:type\" content=\"article\" \/>\n<meta property=\"og:title\" content=\"Home demo - Caff\u00e8 del Professore Italy\" \/>\n<meta property=\"og:description\" content=\"[vc_row fullwidth=&#8221;true&#8221; fullwidth_content=&#8221;false&#8221; css=&#8221;.vc_custom_1635349132415{background-image: url(http:\/\/ilcaffedelprofessore.it\/wp-content\/uploads\/2021\/09\/bkgr_2021.jpg?id=206) !important;background-position: center !important;background-repeat: no-repeat !important;background-size: cover !important;}&#8221;][vc_column][mk_image_slideshow images=&#8221;391,205,222&#8243; image_width=&#8221;1300&#8243; image_height=&#8221;600&#8243; effect=&#8221;slide&#8221;][\/vc_column][\/vc_row][vc_row fullwidth=&#8221;true&#8221; fullwidth_content=&#8221;false&#8221; css=&#8221;.vc_custom_1663025061297{padding-top: 60px !important;padding-bottom: 30px !important;background-image: url(http:\/\/ilcaffedelprofessore.it\/wp-content\/uploads\/2021\/09\/bkgr_Special-25-Years.jpg?id=362) !important;background-position: center !important;background-repeat: no-repeat !important;background-size: cover !important;}&#8221;][vc_column][vc_single_image image=&#8221;389&#8243; img_size=&#8221;full&#8221;][\/vc_column][\/vc_row][vc_row fullwidth=&#8221;true&#8221; fullwidth_content=&#8221;false&#8221; css=&#8221;.vc_custom_1663025133282{padding-top: 80px !important;padding-bottom: 60px !important;background-color: #402000 !important;}&#8221;][vc_column][vc_column_text el_class=&#8221;home-text&#8221;] Caff\u00e8 del Professore \u00e8 un marchio della Moka Termini srl. Si avvale [&hellip;]\" \/>\n<meta property=\"og:url\" content=\"https:\/\/ilcaffedelprofessore.it\/home-demo\/\" \/>\n<meta property=\"og:site_name\" content=\"Caff\u00e8 del Professore Italy\" \/>\n<meta property=\"article:publisher\" content=\"https:\/\/www.facebook.com\/caffedelprofessoreitalia\" \/>\n<meta property=\"article:modified_time\" content=\"2022-09-16T10:42:08+00:00\" \/>\n<meta name=\"twitter:card\" content=\"summary_large_image\" \/>\n<meta name=\"twitter:label1\" content=\"Est. reading time\" \/>\n\t<meta name=\"twitter:data1\" content=\"2 minutes\" \/>\n<script type=\"application\/ld+json\" class=\"yoast-schema-graph\">{\"@context\":\"https:\/\/schema.org\",\"@graph\":[{\"@type\":\"WebPage\",\"@id\":\"https:\/\/ilcaffedelprofessore.it\/home-demo\/\",\"url\":\"https:\/\/ilcaffedelprofessore.it\/home-demo\/\",\"name\":\"Home demo - Caff\u00e8 del Professore Italy\",\"isPartOf\":{\"@id\":\"https:\/\/ilcaffedelprofessore.it\/en\/#website\"},\"datePublished\":\"2021-09-23T07:49:19+00:00\",\"dateModified\":\"2022-09-16T10:42:08+00:00\",\"breadcrumb\":{\"@id\":\"https:\/\/ilcaffedelprofessore.it\/home-demo\/#breadcrumb\"},\"inLanguage\":\"en-US\",\"potentialAction\":[{\"@type\":\"ReadAction\",\"target\":[\"https:\/\/ilcaffedelprofessore.it\/home-demo\/\"]}]},{\"@type\":\"BreadcrumbList\",\"@id\":\"https:\/\/ilcaffedelprofessore.it\/home-demo\/#breadcrumb\",\"itemListElement\":[{\"@type\":\"ListItem\",\"position\":1,\"name\":\"Home\",\"item\":\"https:\/\/ilcaffedelprofessore.it\/\"},{\"@type\":\"ListItem\",\"position\":2,\"name\":\"Home demo\"}]},{\"@type\":\"WebSite\",\"@id\":\"https:\/\/ilcaffedelprofessore.it\/en\/#website\",\"url\":\"https:\/\/ilcaffedelprofessore.it\/en\/\",\"name\":\"Caff\u00e8 del Professore Italy\",\"description\":\"Coffee industry\",\"potentialAction\":[{\"@type\":\"SearchAction\",\"target\":{\"@type\":\"EntryPoint\",\"urlTemplate\":\"https:\/\/ilcaffedelprofessore.it\/en\/?s={search_term_string}\"},\"query-input\":\"required name=search_term_string\"}],\"inLanguage\":\"en-US\"}]}<\/script>\n<!-- \/ Yoast SEO plugin. -->","yoast_head_json":{"title":"Home demo - Caff\u00e8 del Professore Italy","robots":{"index":"index","follow":"follow","max-snippet":"max-snippet:-1","max-image-preview":"max-image-preview:large","max-video-preview":"max-video-preview:-1"},"canonical":"https:\/\/ilcaffedelprofessore.it\/home-demo\/","og_locale":"en_US","og_type":"article","og_title":"Home demo - Caff\u00e8 del Professore Italy","og_description":"[vc_row fullwidth=&#8221;true&#8221; fullwidth_content=&#8221;false&#8221; css=&#8221;.vc_custom_1635349132415{background-image: url(http:\/\/ilcaffedelprofessore.it\/wp-content\/uploads\/2021\/09\/bkgr_2021.jpg?id=206) !important;background-position: center !important;background-repeat: no-repeat !important;background-size: cover !important;}&#8221;][vc_column][mk_image_slideshow images=&#8221;391,205,222&#8243; image_width=&#8221;1300&#8243; image_height=&#8221;600&#8243; effect=&#8221;slide&#8221;][\/vc_column][\/vc_row][vc_row fullwidth=&#8221;true&#8221; fullwidth_content=&#8221;false&#8221; css=&#8221;.vc_custom_1663025061297{padding-top: 60px !important;padding-bottom: 30px !important;background-image: url(http:\/\/ilcaffedelprofessore.it\/wp-content\/uploads\/2021\/09\/bkgr_Special-25-Years.jpg?id=362) !important;background-position: center !important;background-repeat: no-repeat !important;background-size: cover !important;}&#8221;][vc_column][vc_single_image image=&#8221;389&#8243; img_size=&#8221;full&#8221;][\/vc_column][\/vc_row][vc_row fullwidth=&#8221;true&#8221; fullwidth_content=&#8221;false&#8221; css=&#8221;.vc_custom_1663025133282{padding-top: 80px !important;padding-bottom: 60px !important;background-color: #402000 !important;}&#8221;][vc_column][vc_column_text el_class=&#8221;home-text&#8221;] Caff\u00e8 del Professore \u00e8 un marchio della Moka Termini srl. Si avvale [&hellip;]","og_url":"https:\/\/ilcaffedelprofessore.it\/home-demo\/","og_site_name":"Caff\u00e8 del Professore Italy","article_publisher":"https:\/\/www.facebook.com\/caffedelprofessoreitalia","article_modified_time":"2022-09-16T10:42:08+00:00","twitter_card":"summary_large_image","twitter_misc":{"Est. reading time":"2 minutes"},"schema":{"@context":"https:\/\/schema.org","@graph":[{"@type":"WebPage","@id":"https:\/\/ilcaffedelprofessore.it\/home-demo\/","url":"https:\/\/ilcaffedelprofessore.it\/home-demo\/","name":"Home demo - Caff\u00e8 del Professore Italy","isPartOf":{"@id":"https:\/\/ilcaffedelprofessore.it\/en\/#website"},"datePublished":"2021-09-23T07:49:19+00:00","dateModified":"2022-09-16T10:42:08+00:00","breadcrumb":{"@id":"https:\/\/ilcaffedelprofessore.it\/home-demo\/#breadcrumb"},"inLanguage":"en-US","potentialAction":[{"@type":"ReadAction","target":["https:\/\/ilcaffedelprofessore.it\/home-demo\/"]}]},{"@type":"BreadcrumbList","@id":"https:\/\/ilcaffedelprofessore.it\/home-demo\/#breadcrumb","itemListElement":[{"@type":"ListItem","position":1,"name":"Home","item":"https:\/\/ilcaffedelprofessore.it\/"},{"@type":"ListItem","position":2,"name":"Home demo"}]},{"@type":"WebSite","@id":"https:\/\/ilcaffedelprofessore.it\/en\/#website","url":"https:\/\/ilcaffedelprofessore.it\/en\/","name":"Caff\u00e8 del Professore Italy","description":"Coffee industry","potentialAction":[{"@type":"SearchAction","target":{"@type":"EntryPoint","urlTemplate":"https:\/\/ilcaffedelprofessore.it\/en\/?s={search_term_string}"},"query-input":"required name=search_term_string"}],"inLanguage":"en-US"}]}},"_links":{"self":[{"href":"https:\/\/ilcaffedelprofessore.it\/en\/wp-json\/wp\/v2\/pages\/200","targetHints":{"allow":["GET"]}}],"collection":[{"href":"https:\/\/ilcaffedelprofessore.it\/en\/wp-json\/wp\/v2\/pages"}],"about":[{"href":"https:\/\/ilcaffedelprofessore.it\/en\/wp-json\/wp\/v2\/types\/page"}],"author":[{"embeddable":true,"href":"https:\/\/ilcaffedelprofessore.it\/en\/wp-json\/wp\/v2\/users\/2"}],"replies":[{"embeddable":true,"href":"https:\/\/ilcaffedelprofessore.it\/en\/wp-json\/wp\/v2\/comments?post=200"}],"version-history":[{"count":28,"href":"https:\/\/ilcaffedelprofessore.it\/en\/wp-json\/wp\/v2\/pages\/200\/revisions"}],"predecessor-version":[{"id":392,"href":"https:\/\/ilcaffedelprofessore.it\/en\/wp-json\/wp\/v2\/pages\/200\/revisions\/392"}],"wp:attachment":[{"href":"https:\/\/ilcaffedelprofessore.it\/en\/wp-json\/wp\/v2\/media?parent=200"}],"curies":[{"name":"wp","href":"https:\/\/api.w.org\/{rel}","templated":true}]}}