{"id":14,"date":"2016-07-04T17:54:00","date_gmt":"2016-07-04T17:54:00","guid":{"rendered":"http:\/\/ilcaffedelprofessore.it\/?page_id=14"},"modified":"2021-11-13T07:17:46","modified_gmt":"2021-11-13T07:17:46","slug":"amici-baristi","status":"publish","type":"page","link":"https:\/\/ilcaffedelprofessore.it\/en\/amici-baristi\/","title":{"rendered":"Dearest bartenders"},"content":{"rendered":"<p style=\"text-align: justify;\"><img loading=\"lazy\" decoding=\"async\" class=\"size-medium wp-image-150 alignleft\" src=\"http:\/\/ilcaffedelprofessore.it\/wp-content\/uploads\/2016\/07\/amici-baristi-300x240.jpg\" alt=\"amici-baristi\" width=\"300\" height=\"240\" srcset=\"https:\/\/ilcaffedelprofessore.it\/ripristino\/wp-content\/uploads\/2016\/07\/amici-baristi-300x240.jpg 300w, https:\/\/ilcaffedelprofessore.it\/ripristino\/wp-content\/uploads\/2016\/07\/amici-baristi.jpg 600w\" sizes=\"auto, (max-width: 300px) 100vw, 300px\" \/>Nunzio Termini said more than once that the Professor&#8217;s Coffee was &#8220;the best in Italy&#8221;, that it would conquer Italy over time: if the reader is opening a bar, if he is taking over it, if he already has a business started, can participate in this conquest. The Commercial Director of the Professor&#8217;s Coffee will answer every question. Just contact our sales department. Not necessarily every request will be accepted. The selection criteria to elect the premises worthy of the Caff\u00e8 del Professore sign are strict, dictated by the Professor himself. But it&#8217;s worth a try, don&#8217;t you think?<\/p>","protected":false},"excerpt":{"rendered":"<p>Nunzio Termini said more than once that the Professor&#8217;s Coffee was &#8220;the best in Italy&#8221;, that it would conquer Italy over time: if the reader is opening a bar, if he is taking over it, if he already has a business started, can participate in this conquest. The Commercial Director of the Professor&#8217;s Coffee will [&hellip;]<\/p>\n","protected":false},"author":2,"featured_media":0,"parent":0,"menu_order":0,"comment_status":"closed","ping_status":"closed","template":"","meta":{"footnotes":""},"class_list":["post-14","page","type-page","status-publish","hentry"],"yoast_head":"<!-- This site is optimized with the Yoast SEO plugin v23.3 - https:\/\/yoast.com\/wordpress\/plugins\/seo\/ -->\n<title>Caff\u00e8 del Professore - Amici Baristi<\/title>\n<meta name=\"description\" content=\"Nunzio Termini disse pi\u00f9 di una volta che il Caff\u00e8 del Professore era &quot;il pi\u00f9 buono d&#039;Italia&quot;\" \/>\n<meta name=\"robots\" content=\"index, follow, max-snippet:-1, max-image-preview:large, max-video-preview:-1\" \/>\n<link rel=\"canonical\" href=\"https:\/\/ilcaffedelprofessore.it\/amici-baristi\/\" \/>\n<meta property=\"og:locale\" content=\"en_US\" \/>\n<meta property=\"og:type\" content=\"article\" \/>\n<meta property=\"og:title\" content=\"Caff\u00e8 del Professore - Amici Baristi\" \/>\n<meta property=\"og:description\" content=\"Nunzio Termini disse pi\u00f9 di una volta che il Caff\u00e8 del Professore era &quot;il pi\u00f9 buono d&#039;Italia&quot;\" \/>\n<meta property=\"og:url\" content=\"https:\/\/ilcaffedelprofessore.it\/amici-baristi\/\" \/>\n<meta property=\"og:site_name\" content=\"Caff\u00e8 del Professore Italy\" \/>\n<meta property=\"article:publisher\" content=\"https:\/\/www.facebook.com\/caffedelprofessoreitalia\" \/>\n<meta property=\"article:modified_time\" content=\"2021-11-13T07:17:46+00:00\" \/>\n<meta property=\"og:image\" content=\"http:\/\/ilcaffedelprofessore.it\/wp-content\/uploads\/2016\/07\/amici-baristi-300x240.jpg\" \/>\n<meta name=\"twitter:card\" content=\"summary_large_image\" \/>\n<meta name=\"twitter:label1\" content=\"Est. reading time\" \/>\n\t<meta name=\"twitter:data1\" content=\"1 minute\" \/>\n<script type=\"application\/ld+json\" class=\"yoast-schema-graph\">{\"@context\":\"https:\/\/schema.org\",\"@graph\":[{\"@type\":\"WebPage\",\"@id\":\"https:\/\/ilcaffedelprofessore.it\/amici-baristi\/\",\"url\":\"https:\/\/ilcaffedelprofessore.it\/amici-baristi\/\",\"name\":\"Caff\u00e8 del Professore - Amici Baristi\",\"isPartOf\":{\"@id\":\"https:\/\/ilcaffedelprofessore.it\/en\/#website\"},\"primaryImageOfPage\":{\"@id\":\"https:\/\/ilcaffedelprofessore.it\/amici-baristi\/#primaryimage\"},\"image\":{\"@id\":\"https:\/\/ilcaffedelprofessore.it\/amici-baristi\/#primaryimage\"},\"thumbnailUrl\":\"http:\/\/ilcaffedelprofessore.it\/wp-content\/uploads\/2016\/07\/amici-baristi-300x240.jpg\",\"datePublished\":\"2016-07-04T17:54:00+00:00\",\"dateModified\":\"2021-11-13T07:17:46+00:00\",\"description\":\"Nunzio Termini disse pi\u00f9 di una volta che il Caff\u00e8 del Professore era \\\"il pi\u00f9 buono d'Italia\\\"\",\"breadcrumb\":{\"@id\":\"https:\/\/ilcaffedelprofessore.it\/amici-baristi\/#breadcrumb\"},\"inLanguage\":\"en-US\",\"potentialAction\":[{\"@type\":\"ReadAction\",\"target\":[\"https:\/\/ilcaffedelprofessore.it\/amici-baristi\/\"]}]},{\"@type\":\"ImageObject\",\"inLanguage\":\"en-US\",\"@id\":\"https:\/\/ilcaffedelprofessore.it\/amici-baristi\/#primaryimage\",\"url\":\"http:\/\/ilcaffedelprofessore.it\/wp-content\/uploads\/2016\/07\/amici-baristi-300x240.jpg\",\"contentUrl\":\"http:\/\/ilcaffedelprofessore.it\/wp-content\/uploads\/2016\/07\/amici-baristi-300x240.jpg\"},{\"@type\":\"BreadcrumbList\",\"@id\":\"https:\/\/ilcaffedelprofessore.it\/amici-baristi\/#breadcrumb\",\"itemListElement\":[{\"@type\":\"ListItem\",\"position\":1,\"name\":\"Home\",\"item\":\"https:\/\/ilcaffedelprofessore.it\/\"},{\"@type\":\"ListItem\",\"position\":2,\"name\":\"Amici Baristi\"}]},{\"@type\":\"WebSite\",\"@id\":\"https:\/\/ilcaffedelprofessore.it\/en\/#website\",\"url\":\"https:\/\/ilcaffedelprofessore.it\/en\/\",\"name\":\"Caff\u00e8 del Professore Italy\",\"description\":\"Coffee industry\",\"potentialAction\":[{\"@type\":\"SearchAction\",\"target\":{\"@type\":\"EntryPoint\",\"urlTemplate\":\"https:\/\/ilcaffedelprofessore.it\/en\/?s={search_term_string}\"},\"query-input\":\"required name=search_term_string\"}],\"inLanguage\":\"en-US\"}]}<\/script>\n<!-- \/ Yoast SEO plugin. -->","yoast_head_json":{"title":"Caff\u00e8 del Professore - Amici Baristi","description":"Nunzio Termini disse pi\u00f9 di una volta che il Caff\u00e8 del Professore era \"il pi\u00f9 buono d'Italia\"","robots":{"index":"index","follow":"follow","max-snippet":"max-snippet:-1","max-image-preview":"max-image-preview:large","max-video-preview":"max-video-preview:-1"},"canonical":"https:\/\/ilcaffedelprofessore.it\/amici-baristi\/","og_locale":"en_US","og_type":"article","og_title":"Caff\u00e8 del Professore - Amici Baristi","og_description":"Nunzio Termini disse pi\u00f9 di una volta che il Caff\u00e8 del Professore era \"il pi\u00f9 buono d'Italia\"","og_url":"https:\/\/ilcaffedelprofessore.it\/amici-baristi\/","og_site_name":"Caff\u00e8 del Professore Italy","article_publisher":"https:\/\/www.facebook.com\/caffedelprofessoreitalia","article_modified_time":"2021-11-13T07:17:46+00:00","og_image":[{"url":"http:\/\/ilcaffedelprofessore.it\/wp-content\/uploads\/2016\/07\/amici-baristi-300x240.jpg"}],"twitter_card":"summary_large_image","twitter_misc":{"Est. reading time":"1 minute"},"schema":{"@context":"https:\/\/schema.org","@graph":[{"@type":"WebPage","@id":"https:\/\/ilcaffedelprofessore.it\/amici-baristi\/","url":"https:\/\/ilcaffedelprofessore.it\/amici-baristi\/","name":"Caff\u00e8 del Professore - Amici Baristi","isPartOf":{"@id":"https:\/\/ilcaffedelprofessore.it\/en\/#website"},"primaryImageOfPage":{"@id":"https:\/\/ilcaffedelprofessore.it\/amici-baristi\/#primaryimage"},"image":{"@id":"https:\/\/ilcaffedelprofessore.it\/amici-baristi\/#primaryimage"},"thumbnailUrl":"http:\/\/ilcaffedelprofessore.it\/wp-content\/uploads\/2016\/07\/amici-baristi-300x240.jpg","datePublished":"2016-07-04T17:54:00+00:00","dateModified":"2021-11-13T07:17:46+00:00","description":"Nunzio Termini disse pi\u00f9 di una volta che il Caff\u00e8 del Professore era \"il pi\u00f9 buono d'Italia\"","breadcrumb":{"@id":"https:\/\/ilcaffedelprofessore.it\/amici-baristi\/#breadcrumb"},"inLanguage":"en-US","potentialAction":[{"@type":"ReadAction","target":["https:\/\/ilcaffedelprofessore.it\/amici-baristi\/"]}]},{"@type":"ImageObject","inLanguage":"en-US","@id":"https:\/\/ilcaffedelprofessore.it\/amici-baristi\/#primaryimage","url":"http:\/\/ilcaffedelprofessore.it\/wp-content\/uploads\/2016\/07\/amici-baristi-300x240.jpg","contentUrl":"http:\/\/ilcaffedelprofessore.it\/wp-content\/uploads\/2016\/07\/amici-baristi-300x240.jpg"},{"@type":"BreadcrumbList","@id":"https:\/\/ilcaffedelprofessore.it\/amici-baristi\/#breadcrumb","itemListElement":[{"@type":"ListItem","position":1,"name":"Home","item":"https:\/\/ilcaffedelprofessore.it\/"},{"@type":"ListItem","position":2,"name":"Amici Baristi"}]},{"@type":"WebSite","@id":"https:\/\/ilcaffedelprofessore.it\/en\/#website","url":"https:\/\/ilcaffedelprofessore.it\/en\/","name":"Caff\u00e8 del Professore Italy","description":"Coffee industry","potentialAction":[{"@type":"SearchAction","target":{"@type":"EntryPoint","urlTemplate":"https:\/\/ilcaffedelprofessore.it\/en\/?s={search_term_string}"},"query-input":"required name=search_term_string"}],"inLanguage":"en-US"}]}},"_links":{"self":[{"href":"https:\/\/ilcaffedelprofessore.it\/en\/wp-json\/wp\/v2\/pages\/14","targetHints":{"allow":["GET"]}}],"collection":[{"href":"https:\/\/ilcaffedelprofessore.it\/en\/wp-json\/wp\/v2\/pages"}],"about":[{"href":"https:\/\/ilcaffedelprofessore.it\/en\/wp-json\/wp\/v2\/types\/page"}],"author":[{"embeddable":true,"href":"https:\/\/ilcaffedelprofessore.it\/en\/wp-json\/wp\/v2\/users\/2"}],"replies":[{"embeddable":true,"href":"https:\/\/ilcaffedelprofessore.it\/en\/wp-json\/wp\/v2\/comments?post=14"}],"version-history":[{"count":5,"href":"https:\/\/ilcaffedelprofessore.it\/en\/wp-json\/wp\/v2\/pages\/14\/revisions"}],"predecessor-version":[{"id":309,"href":"https:\/\/ilcaffedelprofessore.it\/en\/wp-json\/wp\/v2\/pages\/14\/revisions\/309"}],"wp:attachment":[{"href":"https:\/\/ilcaffedelprofessore.it\/en\/wp-json\/wp\/v2\/media?parent=14"}],"curies":[{"name":"wp","href":"https:\/\/api.w.org\/{rel}","templated":true}]}}