{"id":139,"date":"2016-07-21T11:21:01","date_gmt":"2016-07-21T11:21:01","guid":{"rendered":"http:\/\/ilcaffedelprofessore.it\/?page_id=139"},"modified":"2016-11-28T15:59:15","modified_gmt":"2016-11-28T15:59:15","slug":"a-casa","status":"publish","type":"page","link":"https:\/\/ilcaffedelprofessore.it\/en\/il-nostro-caffe\/a-casa\/","title":{"rendered":"At home"},"content":{"rendered":"<img loading=\"lazy\" decoding=\"async\" class=\"alignnone size-full wp-image-195\" src=\"http:\/\/ilcaffedelprofessore.it\/wp-content\/uploads\/2016\/07\/a-casa_INT.jpg\" alt=\"a-casa_INT\" width=\"1200\" height=\"228\" srcset=\"https:\/\/ilcaffedelprofessore.it\/ripristino\/wp-content\/uploads\/2016\/07\/a-casa_INT.jpg 1200w, https:\/\/ilcaffedelprofessore.it\/ripristino\/wp-content\/uploads\/2016\/07\/a-casa_INT-300x57.jpg 300w, https:\/\/ilcaffedelprofessore.it\/ripristino\/wp-content\/uploads\/2016\/07\/a-casa_INT-768x146.jpg 768w, https:\/\/ilcaffedelprofessore.it\/ripristino\/wp-content\/uploads\/2016\/07\/a-casa_INT-1024x195.jpg 1024w, https:\/\/ilcaffedelprofessore.it\/ripristino\/wp-content\/uploads\/2016\/07\/a-casa_INT-600x113.jpg 600w\" sizes=\"auto, (max-width: 1200px) 100vw, 1200px\" \/><\/p>\n<p>&#8220;Caff\u00e8 del Professore&#8221; doesn&#8217;t come only for coffee bars. It may belong to your home as well. If you cannot find it in stores, just contact us.<\/p>\n<p>&nbsp;","protected":false},"excerpt":{"rendered":"<p>&#8220;Caff\u00e8 del Professore&#8221; doesn&#8217;t come only for coffee bars. It may belong to your home as well. If you cannot find it in stores, just contact us. &nbsp;<\/p>\n","protected":false},"author":2,"featured_media":0,"parent":12,"menu_order":0,"comment_status":"closed","ping_status":"closed","template":"","meta":{"footnotes":""},"class_list":["post-139","page","type-page","status-publish","hentry"],"yoast_head":"<!-- This site is optimized with the Yoast SEO plugin v23.3 - https:\/\/yoast.com\/wordpress\/plugins\/seo\/ -->\n<title>Caff\u00e8 del Professore - Il Nostro Caff\u00e8 - A casa<\/title>\n<meta name=\"description\" content=\"Una particolare miscela per uso moka \u00e8 in vendita nei migliori negozi di alimentari di tutta Italia.\" \/>\n<meta name=\"robots\" content=\"index, follow, max-snippet:-1, max-image-preview:large, max-video-preview:-1\" \/>\n<link rel=\"canonical\" href=\"https:\/\/ilcaffedelprofessore.it\/il-nostro-caffe\/a-casa\/\" \/>\n<meta property=\"og:locale\" content=\"en_US\" \/>\n<meta property=\"og:type\" content=\"article\" \/>\n<meta property=\"og:title\" content=\"Caff\u00e8 del Professore - Il Nostro Caff\u00e8 - A casa\" \/>\n<meta property=\"og:description\" content=\"Una particolare miscela per uso moka \u00e8 in vendita nei migliori negozi di alimentari di tutta Italia.\" \/>\n<meta property=\"og:url\" content=\"https:\/\/ilcaffedelprofessore.it\/il-nostro-caffe\/a-casa\/\" \/>\n<meta property=\"og:site_name\" content=\"Caff\u00e8 del Professore Italy\" \/>\n<meta property=\"article:publisher\" content=\"https:\/\/www.facebook.com\/caffedelprofessoreitalia\" \/>\n<meta property=\"article:modified_time\" content=\"2016-11-28T15:59:15+00:00\" \/>\n<meta property=\"og:image\" content=\"http:\/\/ilcaffedelprofessore.it\/wp-content\/uploads\/2016\/07\/a-casa_INT.jpg\" \/>\n<meta name=\"twitter:card\" content=\"summary_large_image\" \/>\n<script type=\"application\/ld+json\" class=\"yoast-schema-graph\">{\"@context\":\"https:\/\/schema.org\",\"@graph\":[{\"@type\":\"WebPage\",\"@id\":\"https:\/\/ilcaffedelprofessore.it\/il-nostro-caffe\/a-casa\/\",\"url\":\"https:\/\/ilcaffedelprofessore.it\/il-nostro-caffe\/a-casa\/\",\"name\":\"Caff\u00e8 del Professore - Il Nostro Caff\u00e8 - A casa\",\"isPartOf\":{\"@id\":\"https:\/\/ilcaffedelprofessore.it\/en\/#website\"},\"primaryImageOfPage\":{\"@id\":\"https:\/\/ilcaffedelprofessore.it\/il-nostro-caffe\/a-casa\/#primaryimage\"},\"image\":{\"@id\":\"https:\/\/ilcaffedelprofessore.it\/il-nostro-caffe\/a-casa\/#primaryimage\"},\"thumbnailUrl\":\"http:\/\/ilcaffedelprofessore.it\/wp-content\/uploads\/2016\/07\/a-casa_INT.jpg\",\"datePublished\":\"2016-07-21T11:21:01+00:00\",\"dateModified\":\"2016-11-28T15:59:15+00:00\",\"description\":\"Una particolare miscela per uso moka \u00e8 in vendita nei migliori negozi di alimentari di tutta Italia.\",\"breadcrumb\":{\"@id\":\"https:\/\/ilcaffedelprofessore.it\/il-nostro-caffe\/a-casa\/#breadcrumb\"},\"inLanguage\":\"en-US\",\"potentialAction\":[{\"@type\":\"ReadAction\",\"target\":[\"https:\/\/ilcaffedelprofessore.it\/il-nostro-caffe\/a-casa\/\"]}]},{\"@type\":\"ImageObject\",\"inLanguage\":\"en-US\",\"@id\":\"https:\/\/ilcaffedelprofessore.it\/il-nostro-caffe\/a-casa\/#primaryimage\",\"url\":\"http:\/\/ilcaffedelprofessore.it\/wp-content\/uploads\/2016\/07\/a-casa_INT.jpg\",\"contentUrl\":\"http:\/\/ilcaffedelprofessore.it\/wp-content\/uploads\/2016\/07\/a-casa_INT.jpg\"},{\"@type\":\"BreadcrumbList\",\"@id\":\"https:\/\/ilcaffedelprofessore.it\/il-nostro-caffe\/a-casa\/#breadcrumb\",\"itemListElement\":[{\"@type\":\"ListItem\",\"position\":1,\"name\":\"Home\",\"item\":\"https:\/\/ilcaffedelprofessore.it\/\"},{\"@type\":\"ListItem\",\"position\":2,\"name\":\"Il Nostro Caff\u00e8\",\"item\":\"https:\/\/ilcaffedelprofessore.it\/il-nostro-caffe\/\"},{\"@type\":\"ListItem\",\"position\":3,\"name\":\"A casa\"}]},{\"@type\":\"WebSite\",\"@id\":\"https:\/\/ilcaffedelprofessore.it\/en\/#website\",\"url\":\"https:\/\/ilcaffedelprofessore.it\/en\/\",\"name\":\"Caff\u00e8 del Professore Italy\",\"description\":\"Coffee industry\",\"potentialAction\":[{\"@type\":\"SearchAction\",\"target\":{\"@type\":\"EntryPoint\",\"urlTemplate\":\"https:\/\/ilcaffedelprofessore.it\/en\/?s={search_term_string}\"},\"query-input\":\"required name=search_term_string\"}],\"inLanguage\":\"en-US\"}]}<\/script>\n<!-- \/ Yoast SEO plugin. -->","yoast_head_json":{"title":"Caff\u00e8 del Professore - Il Nostro Caff\u00e8 - A casa","description":"Una particolare miscela per uso moka \u00e8 in vendita nei migliori negozi di alimentari di tutta Italia.","robots":{"index":"index","follow":"follow","max-snippet":"max-snippet:-1","max-image-preview":"max-image-preview:large","max-video-preview":"max-video-preview:-1"},"canonical":"https:\/\/ilcaffedelprofessore.it\/il-nostro-caffe\/a-casa\/","og_locale":"en_US","og_type":"article","og_title":"Caff\u00e8 del Professore - Il Nostro Caff\u00e8 - A casa","og_description":"Una particolare miscela per uso moka \u00e8 in vendita nei migliori negozi di alimentari di tutta Italia.","og_url":"https:\/\/ilcaffedelprofessore.it\/il-nostro-caffe\/a-casa\/","og_site_name":"Caff\u00e8 del Professore Italy","article_publisher":"https:\/\/www.facebook.com\/caffedelprofessoreitalia","article_modified_time":"2016-11-28T15:59:15+00:00","og_image":[{"url":"http:\/\/ilcaffedelprofessore.it\/wp-content\/uploads\/2016\/07\/a-casa_INT.jpg"}],"twitter_card":"summary_large_image","schema":{"@context":"https:\/\/schema.org","@graph":[{"@type":"WebPage","@id":"https:\/\/ilcaffedelprofessore.it\/il-nostro-caffe\/a-casa\/","url":"https:\/\/ilcaffedelprofessore.it\/il-nostro-caffe\/a-casa\/","name":"Caff\u00e8 del Professore - Il Nostro Caff\u00e8 - A casa","isPartOf":{"@id":"https:\/\/ilcaffedelprofessore.it\/en\/#website"},"primaryImageOfPage":{"@id":"https:\/\/ilcaffedelprofessore.it\/il-nostro-caffe\/a-casa\/#primaryimage"},"image":{"@id":"https:\/\/ilcaffedelprofessore.it\/il-nostro-caffe\/a-casa\/#primaryimage"},"thumbnailUrl":"http:\/\/ilcaffedelprofessore.it\/wp-content\/uploads\/2016\/07\/a-casa_INT.jpg","datePublished":"2016-07-21T11:21:01+00:00","dateModified":"2016-11-28T15:59:15+00:00","description":"Una particolare miscela per uso moka \u00e8 in vendita nei migliori negozi di alimentari di tutta Italia.","breadcrumb":{"@id":"https:\/\/ilcaffedelprofessore.it\/il-nostro-caffe\/a-casa\/#breadcrumb"},"inLanguage":"en-US","potentialAction":[{"@type":"ReadAction","target":["https:\/\/ilcaffedelprofessore.it\/il-nostro-caffe\/a-casa\/"]}]},{"@type":"ImageObject","inLanguage":"en-US","@id":"https:\/\/ilcaffedelprofessore.it\/il-nostro-caffe\/a-casa\/#primaryimage","url":"http:\/\/ilcaffedelprofessore.it\/wp-content\/uploads\/2016\/07\/a-casa_INT.jpg","contentUrl":"http:\/\/ilcaffedelprofessore.it\/wp-content\/uploads\/2016\/07\/a-casa_INT.jpg"},{"@type":"BreadcrumbList","@id":"https:\/\/ilcaffedelprofessore.it\/il-nostro-caffe\/a-casa\/#breadcrumb","itemListElement":[{"@type":"ListItem","position":1,"name":"Home","item":"https:\/\/ilcaffedelprofessore.it\/"},{"@type":"ListItem","position":2,"name":"Il Nostro Caff\u00e8","item":"https:\/\/ilcaffedelprofessore.it\/il-nostro-caffe\/"},{"@type":"ListItem","position":3,"name":"A casa"}]},{"@type":"WebSite","@id":"https:\/\/ilcaffedelprofessore.it\/en\/#website","url":"https:\/\/ilcaffedelprofessore.it\/en\/","name":"Caff\u00e8 del Professore Italy","description":"Coffee industry","potentialAction":[{"@type":"SearchAction","target":{"@type":"EntryPoint","urlTemplate":"https:\/\/ilcaffedelprofessore.it\/en\/?s={search_term_string}"},"query-input":"required name=search_term_string"}],"inLanguage":"en-US"}]}},"_links":{"self":[{"href":"https:\/\/ilcaffedelprofessore.it\/en\/wp-json\/wp\/v2\/pages\/139","targetHints":{"allow":["GET"]}}],"collection":[{"href":"https:\/\/ilcaffedelprofessore.it\/en\/wp-json\/wp\/v2\/pages"}],"about":[{"href":"https:\/\/ilcaffedelprofessore.it\/en\/wp-json\/wp\/v2\/types\/page"}],"author":[{"embeddable":true,"href":"https:\/\/ilcaffedelprofessore.it\/en\/wp-json\/wp\/v2\/users\/2"}],"replies":[{"embeddable":true,"href":"https:\/\/ilcaffedelprofessore.it\/en\/wp-json\/wp\/v2\/comments?post=139"}],"version-history":[{"count":4,"href":"https:\/\/ilcaffedelprofessore.it\/en\/wp-json\/wp\/v2\/pages\/139\/revisions"}],"predecessor-version":[{"id":196,"href":"https:\/\/ilcaffedelprofessore.it\/en\/wp-json\/wp\/v2\/pages\/139\/revisions\/196"}],"up":[{"embeddable":true,"href":"https:\/\/ilcaffedelprofessore.it\/en\/wp-json\/wp\/v2\/pages\/12"}],"wp:attachment":[{"href":"https:\/\/ilcaffedelprofessore.it\/en\/wp-json\/wp\/v2\/media?parent=139"}],"curies":[{"name":"wp","href":"https:\/\/api.w.org\/{rel}","templated":true}]}}