{"id":129,"date":"2016-07-21T11:05:41","date_gmt":"2016-07-21T11:05:41","guid":{"rendered":"http:\/\/ilcaffedelprofessore.it\/?page_id=129"},"modified":"2016-11-28T16:00:46","modified_gmt":"2016-11-28T16:00:46","slug":"il-cracolito","status":"publish","type":"page","link":"https:\/\/ilcaffedelprofessore.it\/en\/il-nostro-caffe\/il-cracolito\/","title":{"rendered":"The Caracolito"},"content":{"rendered":"<p style=\"text-align: justify;\"><img loading=\"lazy\" decoding=\"async\" class=\"alignnone size-full wp-image-174\" src=\"http:\/\/ilcaffedelprofessore.it\/wp-content\/uploads\/2016\/07\/cracolito_INT.jpg\" alt=\"cracolito_INT\" width=\"1400\" height=\"198\" srcset=\"https:\/\/ilcaffedelprofessore.it\/ripristino\/wp-content\/uploads\/2016\/07\/cracolito_INT.jpg 1400w, https:\/\/ilcaffedelprofessore.it\/ripristino\/wp-content\/uploads\/2016\/07\/cracolito_INT-300x42.jpg 300w, https:\/\/ilcaffedelprofessore.it\/ripristino\/wp-content\/uploads\/2016\/07\/cracolito_INT-768x109.jpg 768w, https:\/\/ilcaffedelprofessore.it\/ripristino\/wp-content\/uploads\/2016\/07\/cracolito_INT-1024x145.jpg 1024w, https:\/\/ilcaffedelprofessore.it\/ripristino\/wp-content\/uploads\/2016\/07\/cracolito_INT-600x84.jpg 600w\" sizes=\"auto, (max-width: 1400px) 100vw, 1400px\" \/><\/p>\n<p style=\"text-align: justify;\">Caracolito means small snail and it&#8217;s the name given to those beans of round, symmetrical shape and petite size growing higher on the coffee plant, also known as &#8220;pearls of coffee&#8221;. This coffee is known for its distinctive taste. Its uniform size allows for a homogenous roasting. It is one of the &#8220;Caff\u00e8 del Professore&#8221; components.<\/p>","protected":false},"excerpt":{"rendered":"<p>Caracolito means small snail and it&#8217;s the name given to those beans of round, symmetrical shape and petite size growing higher on the coffee plant, also known as &#8220;pearls of coffee&#8221;. This coffee is known for its distinctive taste. Its uniform size allows for a homogenous roasting. It is one of the &#8220;Caff\u00e8 del Professore&#8221; [&hellip;]<\/p>\n","protected":false},"author":2,"featured_media":0,"parent":12,"menu_order":0,"comment_status":"closed","ping_status":"closed","template":"","meta":{"footnotes":""},"class_list":["post-129","page","type-page","status-publish","hentry"],"yoast_head":"<!-- This site is optimized with the Yoast SEO plugin v23.3 - https:\/\/yoast.com\/wordpress\/plugins\/seo\/ -->\n<title>Caff\u00e8 del Professore - Il Nostro Caff\u00e8 - Il Caracolito<\/title>\n<meta name=\"description\" content=\"Viene chiamato Caracolito quel chicco che nasce dai baccelli che crescono pi\u00f9 alti sulla pianta del caff\u00e8.\" \/>\n<meta name=\"robots\" content=\"index, follow, max-snippet:-1, max-image-preview:large, max-video-preview:-1\" \/>\n<link rel=\"canonical\" href=\"https:\/\/ilcaffedelprofessore.it\/il-nostro-caffe\/il-cracolito\/\" \/>\n<meta property=\"og:locale\" content=\"en_US\" \/>\n<meta property=\"og:type\" content=\"article\" \/>\n<meta property=\"og:title\" content=\"Caff\u00e8 del Professore - Il Nostro Caff\u00e8 - Il Caracolito\" \/>\n<meta property=\"og:description\" content=\"Viene chiamato Caracolito quel chicco che nasce dai baccelli che crescono pi\u00f9 alti sulla pianta del caff\u00e8.\" \/>\n<meta property=\"og:url\" content=\"https:\/\/ilcaffedelprofessore.it\/il-nostro-caffe\/il-cracolito\/\" \/>\n<meta property=\"og:site_name\" content=\"Caff\u00e8 del Professore Italy\" \/>\n<meta property=\"article:publisher\" content=\"https:\/\/www.facebook.com\/caffedelprofessoreitalia\" \/>\n<meta property=\"article:modified_time\" content=\"2016-11-28T16:00:46+00:00\" \/>\n<meta property=\"og:image\" content=\"http:\/\/ilcaffedelprofessore.it\/wp-content\/uploads\/2016\/07\/cracolito_INT.jpg\" \/>\n<meta name=\"twitter:card\" content=\"summary_large_image\" \/>\n<meta name=\"twitter:label1\" content=\"Est. reading time\" \/>\n\t<meta name=\"twitter:data1\" content=\"1 minute\" \/>\n<script type=\"application\/ld+json\" class=\"yoast-schema-graph\">{\"@context\":\"https:\/\/schema.org\",\"@graph\":[{\"@type\":\"WebPage\",\"@id\":\"https:\/\/ilcaffedelprofessore.it\/il-nostro-caffe\/il-cracolito\/\",\"url\":\"https:\/\/ilcaffedelprofessore.it\/il-nostro-caffe\/il-cracolito\/\",\"name\":\"Caff\u00e8 del Professore - Il Nostro Caff\u00e8 - Il Caracolito\",\"isPartOf\":{\"@id\":\"https:\/\/ilcaffedelprofessore.it\/en\/#website\"},\"primaryImageOfPage\":{\"@id\":\"https:\/\/ilcaffedelprofessore.it\/il-nostro-caffe\/il-cracolito\/#primaryimage\"},\"image\":{\"@id\":\"https:\/\/ilcaffedelprofessore.it\/il-nostro-caffe\/il-cracolito\/#primaryimage\"},\"thumbnailUrl\":\"http:\/\/ilcaffedelprofessore.it\/wp-content\/uploads\/2016\/07\/cracolito_INT.jpg\",\"datePublished\":\"2016-07-21T11:05:41+00:00\",\"dateModified\":\"2016-11-28T16:00:46+00:00\",\"description\":\"Viene chiamato Caracolito quel chicco che nasce dai baccelli che crescono pi\u00f9 alti sulla pianta del caff\u00e8.\",\"breadcrumb\":{\"@id\":\"https:\/\/ilcaffedelprofessore.it\/il-nostro-caffe\/il-cracolito\/#breadcrumb\"},\"inLanguage\":\"en-US\",\"potentialAction\":[{\"@type\":\"ReadAction\",\"target\":[\"https:\/\/ilcaffedelprofessore.it\/il-nostro-caffe\/il-cracolito\/\"]}]},{\"@type\":\"ImageObject\",\"inLanguage\":\"en-US\",\"@id\":\"https:\/\/ilcaffedelprofessore.it\/il-nostro-caffe\/il-cracolito\/#primaryimage\",\"url\":\"http:\/\/ilcaffedelprofessore.it\/wp-content\/uploads\/2016\/07\/cracolito_INT.jpg\",\"contentUrl\":\"http:\/\/ilcaffedelprofessore.it\/wp-content\/uploads\/2016\/07\/cracolito_INT.jpg\"},{\"@type\":\"BreadcrumbList\",\"@id\":\"https:\/\/ilcaffedelprofessore.it\/il-nostro-caffe\/il-cracolito\/#breadcrumb\",\"itemListElement\":[{\"@type\":\"ListItem\",\"position\":1,\"name\":\"Home\",\"item\":\"https:\/\/ilcaffedelprofessore.it\/\"},{\"@type\":\"ListItem\",\"position\":2,\"name\":\"Il Nostro Caff\u00e8\",\"item\":\"https:\/\/ilcaffedelprofessore.it\/il-nostro-caffe\/\"},{\"@type\":\"ListItem\",\"position\":3,\"name\":\"Il Caracolito\"}]},{\"@type\":\"WebSite\",\"@id\":\"https:\/\/ilcaffedelprofessore.it\/en\/#website\",\"url\":\"https:\/\/ilcaffedelprofessore.it\/en\/\",\"name\":\"Caff\u00e8 del Professore Italy\",\"description\":\"Coffee industry\",\"potentialAction\":[{\"@type\":\"SearchAction\",\"target\":{\"@type\":\"EntryPoint\",\"urlTemplate\":\"https:\/\/ilcaffedelprofessore.it\/en\/?s={search_term_string}\"},\"query-input\":\"required name=search_term_string\"}],\"inLanguage\":\"en-US\"}]}<\/script>\n<!-- \/ Yoast SEO plugin. -->","yoast_head_json":{"title":"Caff\u00e8 del Professore - Il Nostro Caff\u00e8 - Il Caracolito","description":"Viene chiamato Caracolito quel chicco che nasce dai baccelli che crescono pi\u00f9 alti sulla pianta del caff\u00e8.","robots":{"index":"index","follow":"follow","max-snippet":"max-snippet:-1","max-image-preview":"max-image-preview:large","max-video-preview":"max-video-preview:-1"},"canonical":"https:\/\/ilcaffedelprofessore.it\/il-nostro-caffe\/il-cracolito\/","og_locale":"en_US","og_type":"article","og_title":"Caff\u00e8 del Professore - Il Nostro Caff\u00e8 - Il Caracolito","og_description":"Viene chiamato Caracolito quel chicco che nasce dai baccelli che crescono pi\u00f9 alti sulla pianta del caff\u00e8.","og_url":"https:\/\/ilcaffedelprofessore.it\/il-nostro-caffe\/il-cracolito\/","og_site_name":"Caff\u00e8 del Professore Italy","article_publisher":"https:\/\/www.facebook.com\/caffedelprofessoreitalia","article_modified_time":"2016-11-28T16:00:46+00:00","og_image":[{"url":"http:\/\/ilcaffedelprofessore.it\/wp-content\/uploads\/2016\/07\/cracolito_INT.jpg"}],"twitter_card":"summary_large_image","twitter_misc":{"Est. reading time":"1 minute"},"schema":{"@context":"https:\/\/schema.org","@graph":[{"@type":"WebPage","@id":"https:\/\/ilcaffedelprofessore.it\/il-nostro-caffe\/il-cracolito\/","url":"https:\/\/ilcaffedelprofessore.it\/il-nostro-caffe\/il-cracolito\/","name":"Caff\u00e8 del Professore - Il Nostro Caff\u00e8 - Il Caracolito","isPartOf":{"@id":"https:\/\/ilcaffedelprofessore.it\/en\/#website"},"primaryImageOfPage":{"@id":"https:\/\/ilcaffedelprofessore.it\/il-nostro-caffe\/il-cracolito\/#primaryimage"},"image":{"@id":"https:\/\/ilcaffedelprofessore.it\/il-nostro-caffe\/il-cracolito\/#primaryimage"},"thumbnailUrl":"http:\/\/ilcaffedelprofessore.it\/wp-content\/uploads\/2016\/07\/cracolito_INT.jpg","datePublished":"2016-07-21T11:05:41+00:00","dateModified":"2016-11-28T16:00:46+00:00","description":"Viene chiamato Caracolito quel chicco che nasce dai baccelli che crescono pi\u00f9 alti sulla pianta del caff\u00e8.","breadcrumb":{"@id":"https:\/\/ilcaffedelprofessore.it\/il-nostro-caffe\/il-cracolito\/#breadcrumb"},"inLanguage":"en-US","potentialAction":[{"@type":"ReadAction","target":["https:\/\/ilcaffedelprofessore.it\/il-nostro-caffe\/il-cracolito\/"]}]},{"@type":"ImageObject","inLanguage":"en-US","@id":"https:\/\/ilcaffedelprofessore.it\/il-nostro-caffe\/il-cracolito\/#primaryimage","url":"http:\/\/ilcaffedelprofessore.it\/wp-content\/uploads\/2016\/07\/cracolito_INT.jpg","contentUrl":"http:\/\/ilcaffedelprofessore.it\/wp-content\/uploads\/2016\/07\/cracolito_INT.jpg"},{"@type":"BreadcrumbList","@id":"https:\/\/ilcaffedelprofessore.it\/il-nostro-caffe\/il-cracolito\/#breadcrumb","itemListElement":[{"@type":"ListItem","position":1,"name":"Home","item":"https:\/\/ilcaffedelprofessore.it\/"},{"@type":"ListItem","position":2,"name":"Il Nostro Caff\u00e8","item":"https:\/\/ilcaffedelprofessore.it\/il-nostro-caffe\/"},{"@type":"ListItem","position":3,"name":"Il Caracolito"}]},{"@type":"WebSite","@id":"https:\/\/ilcaffedelprofessore.it\/en\/#website","url":"https:\/\/ilcaffedelprofessore.it\/en\/","name":"Caff\u00e8 del Professore Italy","description":"Coffee industry","potentialAction":[{"@type":"SearchAction","target":{"@type":"EntryPoint","urlTemplate":"https:\/\/ilcaffedelprofessore.it\/en\/?s={search_term_string}"},"query-input":"required name=search_term_string"}],"inLanguage":"en-US"}]}},"_links":{"self":[{"href":"https:\/\/ilcaffedelprofessore.it\/en\/wp-json\/wp\/v2\/pages\/129","targetHints":{"allow":["GET"]}}],"collection":[{"href":"https:\/\/ilcaffedelprofessore.it\/en\/wp-json\/wp\/v2\/pages"}],"about":[{"href":"https:\/\/ilcaffedelprofessore.it\/en\/wp-json\/wp\/v2\/types\/page"}],"author":[{"embeddable":true,"href":"https:\/\/ilcaffedelprofessore.it\/en\/wp-json\/wp\/v2\/users\/2"}],"replies":[{"embeddable":true,"href":"https:\/\/ilcaffedelprofessore.it\/en\/wp-json\/wp\/v2\/comments?post=129"}],"version-history":[{"count":8,"href":"https:\/\/ilcaffedelprofessore.it\/en\/wp-json\/wp\/v2\/pages\/129\/revisions"}],"predecessor-version":[{"id":193,"href":"https:\/\/ilcaffedelprofessore.it\/en\/wp-json\/wp\/v2\/pages\/129\/revisions\/193"}],"up":[{"embeddable":true,"href":"https:\/\/ilcaffedelprofessore.it\/en\/wp-json\/wp\/v2\/pages\/12"}],"wp:attachment":[{"href":"https:\/\/ilcaffedelprofessore.it\/en\/wp-json\/wp\/v2\/media?parent=129"}],"curies":[{"name":"wp","href":"https:\/\/api.w.org\/{rel}","templated":true}]}}