{"id":121,"date":"2016-07-20T17:12:12","date_gmt":"2016-07-20T17:12:12","guid":{"rendered":"http:\/\/ilcaffedelprofessore.it\/?page_id=121"},"modified":"2016-11-28T15:57:59","modified_gmt":"2016-11-28T15:57:59","slug":"lindustria","status":"publish","type":"page","link":"https:\/\/ilcaffedelprofessore.it\/en\/azienda\/lindustria\/","title":{"rendered":"The Industry"},"content":{"rendered":"<p style=\"text-align: justify;\"><img loading=\"lazy\" decoding=\"async\" class=\"alignnone size-full wp-image-117\" src=\"http:\/\/ilcaffedelprofessore.it\/wp-content\/uploads\/2016\/07\/azienda-industria-INT.jpg\" alt=\"azienda-industria-INT\" width=\"1356\" height=\"247\" srcset=\"https:\/\/ilcaffedelprofessore.it\/ripristino\/wp-content\/uploads\/2016\/07\/azienda-industria-INT.jpg 1356w, https:\/\/ilcaffedelprofessore.it\/ripristino\/wp-content\/uploads\/2016\/07\/azienda-industria-INT-300x55.jpg 300w, https:\/\/ilcaffedelprofessore.it\/ripristino\/wp-content\/uploads\/2016\/07\/azienda-industria-INT-768x140.jpg 768w, https:\/\/ilcaffedelprofessore.it\/ripristino\/wp-content\/uploads\/2016\/07\/azienda-industria-INT-1024x187.jpg 1024w, https:\/\/ilcaffedelprofessore.it\/ripristino\/wp-content\/uploads\/2016\/07\/azienda-industria-INT-600x109.jpg 600w\" sizes=\"auto, (max-width: 1356px) 100vw, 1356px\" \/><\/p>\n<p>&#8220;Caff\u00e8 del Professore&#8221; is the most prestigious brand produced by the Moka Termini Group, coffee industry since 1932. Originally a coffee bar offering special blends, today it&#8217;s a leading Italian industry, with representative offices in Palermo and a modern 4000m<sup>2<\/sup> industrial plant.","protected":false},"excerpt":{"rendered":"<p>&#8220;Caff\u00e8 del Professore&#8221; is the most prestigious brand produced by the Moka Termini Group, coffee industry since 1932. Originally a coffee bar offering special blends, today it&#8217;s a leading Italian industry, with representative offices in Palermo and a modern 4000m2 industrial plant.<\/p>\n","protected":false},"author":2,"featured_media":0,"parent":10,"menu_order":0,"comment_status":"closed","ping_status":"closed","template":"","meta":{"footnotes":""},"class_list":["post-121","page","type-page","status-publish","hentry"],"yoast_head":"<!-- This site is optimized with the Yoast SEO plugin v23.3 - https:\/\/yoast.com\/wordpress\/plugins\/seo\/ -->\n<title>Caff\u00e8 del Professore - Azienda - industria di caff\u00e8 dal 1932<\/title>\n<meta name=\"description\" content=\"Caff\u00e8 del Professore \u00e8 industria di caff\u00e8 dal 1932 a Palermo.Nata come torrefazione per degustazione miscele.\" \/>\n<meta name=\"robots\" content=\"index, follow, max-snippet:-1, max-image-preview:large, max-video-preview:-1\" \/>\n<link rel=\"canonical\" href=\"https:\/\/ilcaffedelprofessore.it\/azienda\/lindustria\/\" \/>\n<meta property=\"og:locale\" content=\"en_US\" \/>\n<meta property=\"og:type\" content=\"article\" \/>\n<meta property=\"og:title\" content=\"Caff\u00e8 del Professore - Azienda - industria di caff\u00e8 dal 1932\" \/>\n<meta property=\"og:description\" content=\"Caff\u00e8 del Professore \u00e8 industria di caff\u00e8 dal 1932 a Palermo.Nata come torrefazione per degustazione miscele.\" \/>\n<meta property=\"og:url\" content=\"https:\/\/ilcaffedelprofessore.it\/azienda\/lindustria\/\" \/>\n<meta property=\"og:site_name\" content=\"Caff\u00e8 del Professore Italy\" \/>\n<meta property=\"article:publisher\" content=\"https:\/\/www.facebook.com\/caffedelprofessoreitalia\" \/>\n<meta property=\"article:modified_time\" content=\"2016-11-28T15:57:59+00:00\" \/>\n<meta property=\"og:image\" content=\"http:\/\/ilcaffedelprofessore.it\/wp-content\/uploads\/2016\/07\/azienda-industria-INT.jpg\" \/>\n<meta name=\"twitter:card\" content=\"summary_large_image\" \/>\n<script type=\"application\/ld+json\" class=\"yoast-schema-graph\">{\"@context\":\"https:\/\/schema.org\",\"@graph\":[{\"@type\":\"WebPage\",\"@id\":\"https:\/\/ilcaffedelprofessore.it\/azienda\/lindustria\/\",\"url\":\"https:\/\/ilcaffedelprofessore.it\/azienda\/lindustria\/\",\"name\":\"Caff\u00e8 del Professore - Azienda - industria di caff\u00e8 dal 1932\",\"isPartOf\":{\"@id\":\"https:\/\/ilcaffedelprofessore.it\/en\/#website\"},\"primaryImageOfPage\":{\"@id\":\"https:\/\/ilcaffedelprofessore.it\/azienda\/lindustria\/#primaryimage\"},\"image\":{\"@id\":\"https:\/\/ilcaffedelprofessore.it\/azienda\/lindustria\/#primaryimage\"},\"thumbnailUrl\":\"http:\/\/ilcaffedelprofessore.it\/wp-content\/uploads\/2016\/07\/azienda-industria-INT.jpg\",\"datePublished\":\"2016-07-20T17:12:12+00:00\",\"dateModified\":\"2016-11-28T15:57:59+00:00\",\"description\":\"Caff\u00e8 del Professore \u00e8 industria di caff\u00e8 dal 1932 a Palermo.Nata come torrefazione per degustazione miscele.\",\"breadcrumb\":{\"@id\":\"https:\/\/ilcaffedelprofessore.it\/azienda\/lindustria\/#breadcrumb\"},\"inLanguage\":\"en-US\",\"potentialAction\":[{\"@type\":\"ReadAction\",\"target\":[\"https:\/\/ilcaffedelprofessore.it\/azienda\/lindustria\/\"]}]},{\"@type\":\"ImageObject\",\"inLanguage\":\"en-US\",\"@id\":\"https:\/\/ilcaffedelprofessore.it\/azienda\/lindustria\/#primaryimage\",\"url\":\"http:\/\/ilcaffedelprofessore.it\/wp-content\/uploads\/2016\/07\/azienda-industria-INT.jpg\",\"contentUrl\":\"http:\/\/ilcaffedelprofessore.it\/wp-content\/uploads\/2016\/07\/azienda-industria-INT.jpg\"},{\"@type\":\"BreadcrumbList\",\"@id\":\"https:\/\/ilcaffedelprofessore.it\/azienda\/lindustria\/#breadcrumb\",\"itemListElement\":[{\"@type\":\"ListItem\",\"position\":1,\"name\":\"Home\",\"item\":\"https:\/\/ilcaffedelprofessore.it\/\"},{\"@type\":\"ListItem\",\"position\":2,\"name\":\"Who we are\",\"item\":\"https:\/\/ilcaffedelprofessore.it\/en\/azienda\/\"},{\"@type\":\"ListItem\",\"position\":3,\"name\":\"L&#8217;industria\"}]},{\"@type\":\"WebSite\",\"@id\":\"https:\/\/ilcaffedelprofessore.it\/en\/#website\",\"url\":\"https:\/\/ilcaffedelprofessore.it\/en\/\",\"name\":\"Caff\u00e8 del Professore Italy\",\"description\":\"Coffee industry\",\"potentialAction\":[{\"@type\":\"SearchAction\",\"target\":{\"@type\":\"EntryPoint\",\"urlTemplate\":\"https:\/\/ilcaffedelprofessore.it\/en\/?s={search_term_string}\"},\"query-input\":\"required name=search_term_string\"}],\"inLanguage\":\"en-US\"}]}<\/script>\n<!-- \/ Yoast SEO plugin. -->","yoast_head_json":{"title":"Caff\u00e8 del Professore - Azienda - industria di caff\u00e8 dal 1932","description":"Caff\u00e8 del Professore \u00e8 industria di caff\u00e8 dal 1932 a Palermo.Nata come torrefazione per degustazione miscele.","robots":{"index":"index","follow":"follow","max-snippet":"max-snippet:-1","max-image-preview":"max-image-preview:large","max-video-preview":"max-video-preview:-1"},"canonical":"https:\/\/ilcaffedelprofessore.it\/azienda\/lindustria\/","og_locale":"en_US","og_type":"article","og_title":"Caff\u00e8 del Professore - Azienda - industria di caff\u00e8 dal 1932","og_description":"Caff\u00e8 del Professore \u00e8 industria di caff\u00e8 dal 1932 a Palermo.Nata come torrefazione per degustazione miscele.","og_url":"https:\/\/ilcaffedelprofessore.it\/azienda\/lindustria\/","og_site_name":"Caff\u00e8 del Professore Italy","article_publisher":"https:\/\/www.facebook.com\/caffedelprofessoreitalia","article_modified_time":"2016-11-28T15:57:59+00:00","og_image":[{"url":"http:\/\/ilcaffedelprofessore.it\/wp-content\/uploads\/2016\/07\/azienda-industria-INT.jpg"}],"twitter_card":"summary_large_image","schema":{"@context":"https:\/\/schema.org","@graph":[{"@type":"WebPage","@id":"https:\/\/ilcaffedelprofessore.it\/azienda\/lindustria\/","url":"https:\/\/ilcaffedelprofessore.it\/azienda\/lindustria\/","name":"Caff\u00e8 del Professore - Azienda - industria di caff\u00e8 dal 1932","isPartOf":{"@id":"https:\/\/ilcaffedelprofessore.it\/en\/#website"},"primaryImageOfPage":{"@id":"https:\/\/ilcaffedelprofessore.it\/azienda\/lindustria\/#primaryimage"},"image":{"@id":"https:\/\/ilcaffedelprofessore.it\/azienda\/lindustria\/#primaryimage"},"thumbnailUrl":"http:\/\/ilcaffedelprofessore.it\/wp-content\/uploads\/2016\/07\/azienda-industria-INT.jpg","datePublished":"2016-07-20T17:12:12+00:00","dateModified":"2016-11-28T15:57:59+00:00","description":"Caff\u00e8 del Professore \u00e8 industria di caff\u00e8 dal 1932 a Palermo.Nata come torrefazione per degustazione miscele.","breadcrumb":{"@id":"https:\/\/ilcaffedelprofessore.it\/azienda\/lindustria\/#breadcrumb"},"inLanguage":"en-US","potentialAction":[{"@type":"ReadAction","target":["https:\/\/ilcaffedelprofessore.it\/azienda\/lindustria\/"]}]},{"@type":"ImageObject","inLanguage":"en-US","@id":"https:\/\/ilcaffedelprofessore.it\/azienda\/lindustria\/#primaryimage","url":"http:\/\/ilcaffedelprofessore.it\/wp-content\/uploads\/2016\/07\/azienda-industria-INT.jpg","contentUrl":"http:\/\/ilcaffedelprofessore.it\/wp-content\/uploads\/2016\/07\/azienda-industria-INT.jpg"},{"@type":"BreadcrumbList","@id":"https:\/\/ilcaffedelprofessore.it\/azienda\/lindustria\/#breadcrumb","itemListElement":[{"@type":"ListItem","position":1,"name":"Home","item":"https:\/\/ilcaffedelprofessore.it\/"},{"@type":"ListItem","position":2,"name":"Who we are","item":"https:\/\/ilcaffedelprofessore.it\/en\/azienda\/"},{"@type":"ListItem","position":3,"name":"L&#8217;industria"}]},{"@type":"WebSite","@id":"https:\/\/ilcaffedelprofessore.it\/en\/#website","url":"https:\/\/ilcaffedelprofessore.it\/en\/","name":"Caff\u00e8 del Professore Italy","description":"Coffee industry","potentialAction":[{"@type":"SearchAction","target":{"@type":"EntryPoint","urlTemplate":"https:\/\/ilcaffedelprofessore.it\/en\/?s={search_term_string}"},"query-input":"required name=search_term_string"}],"inLanguage":"en-US"}]}},"_links":{"self":[{"href":"https:\/\/ilcaffedelprofessore.it\/en\/wp-json\/wp\/v2\/pages\/121","targetHints":{"allow":["GET"]}}],"collection":[{"href":"https:\/\/ilcaffedelprofessore.it\/en\/wp-json\/wp\/v2\/pages"}],"about":[{"href":"https:\/\/ilcaffedelprofessore.it\/en\/wp-json\/wp\/v2\/types\/page"}],"author":[{"embeddable":true,"href":"https:\/\/ilcaffedelprofessore.it\/en\/wp-json\/wp\/v2\/users\/2"}],"replies":[{"embeddable":true,"href":"https:\/\/ilcaffedelprofessore.it\/en\/wp-json\/wp\/v2\/comments?post=121"}],"version-history":[{"count":4,"href":"https:\/\/ilcaffedelprofessore.it\/en\/wp-json\/wp\/v2\/pages\/121\/revisions"}],"predecessor-version":[{"id":163,"href":"https:\/\/ilcaffedelprofessore.it\/en\/wp-json\/wp\/v2\/pages\/121\/revisions\/163"}],"up":[{"embeddable":true,"href":"https:\/\/ilcaffedelprofessore.it\/en\/wp-json\/wp\/v2\/pages\/10"}],"wp:attachment":[{"href":"https:\/\/ilcaffedelprofessore.it\/en\/wp-json\/wp\/v2\/media?parent=121"}],"curies":[{"name":"wp","href":"https:\/\/api.w.org\/{rel}","templated":true}]}}