{"id":114,"date":"2016-07-20T17:09:46","date_gmt":"2016-07-20T17:09:46","guid":{"rendered":"http:\/\/ilcaffedelprofessore.it\/?page_id=114"},"modified":"2016-11-28T15:57:35","modified_gmt":"2016-11-28T15:57:35","slug":"organizzazione","status":"publish","type":"page","link":"https:\/\/ilcaffedelprofessore.it\/en\/azienda\/organizzazione\/","title":{"rendered":"The Company"},"content":{"rendered":"<img loading=\"lazy\" decoding=\"async\" class=\"alignnone wp-image-115 size-full\" src=\"http:\/\/ilcaffedelprofessore.it\/wp-content\/uploads\/2016\/07\/azienda-organizzazione-INT.jpg\" alt=\"azienda-organizzazione-INT\" width=\"1356\" height=\"247\" srcset=\"https:\/\/ilcaffedelprofessore.it\/ripristino\/wp-content\/uploads\/2016\/07\/azienda-organizzazione-INT.jpg 1356w, https:\/\/ilcaffedelprofessore.it\/ripristino\/wp-content\/uploads\/2016\/07\/azienda-organizzazione-INT-300x55.jpg 300w, https:\/\/ilcaffedelprofessore.it\/ripristino\/wp-content\/uploads\/2016\/07\/azienda-organizzazione-INT-768x140.jpg 768w, https:\/\/ilcaffedelprofessore.it\/ripristino\/wp-content\/uploads\/2016\/07\/azienda-organizzazione-INT-1024x187.jpg 1024w, https:\/\/ilcaffedelprofessore.it\/ripristino\/wp-content\/uploads\/2016\/07\/azienda-organizzazione-INT-600x109.jpg 600w\" sizes=\"auto, (max-width: 1356px) 100vw, 1356px\" \/><\/p>\n<p style=\"text-align: justify;\">&#8220;Caff\u00e8 del Professore&#8221; is a leading Company of the Moka Termini Group. It takes advantage of the Group&#8217;s logistic and technological support. It is widely distributed in specialised and general stores in Italy. &#8220;Caff\u00e8 del Professore&#8221; blended specially for coffee bars is marketed directly by theSales Manager, who takes care of all steps leading to affiliation.<\/p>","protected":false},"excerpt":{"rendered":"<p>&#8220;Caff\u00e8 del Professore&#8221; is a leading Company of the Moka Termini Group. It takes advantage of the Group&#8217;s logistic and technological support. It is widely distributed in specialised and general stores in Italy. &#8220;Caff\u00e8 del Professore&#8221; blended specially for coffee bars is marketed directly by theSales Manager, who takes care of all steps leading to [&hellip;]<\/p>\n","protected":false},"author":2,"featured_media":0,"parent":10,"menu_order":0,"comment_status":"closed","ping_status":"closed","template":"","meta":{"footnotes":""},"class_list":["post-114","page","type-page","status-publish","hentry"],"yoast_head":"<!-- This site is optimized with the Yoast SEO plugin v23.3 - https:\/\/yoast.com\/wordpress\/plugins\/seo\/ -->\n<title>(Italiano) Caff\u00e8 del Professore - Azienda - Organizzazione<\/title>\n<meta name=\"description\" content=\"(Italiano) Caff\u00e8 del Professore \u00e8 un marchio della Moka Termini srl. Si avvale del supporto logistico e organizzativo di un&#039;azienda in continua espansione.\" \/>\n<meta name=\"robots\" content=\"index, follow, max-snippet:-1, max-image-preview:large, max-video-preview:-1\" \/>\n<link rel=\"canonical\" href=\"https:\/\/ilcaffedelprofessore.it\/en\/azienda\/organizzazione\/\" \/>\n<meta property=\"og:locale\" content=\"en_US\" \/>\n<meta property=\"og:type\" content=\"article\" \/>\n<meta property=\"og:title\" content=\"(Italiano) Caff\u00e8 del Professore - Azienda - Organizzazione\" \/>\n<meta property=\"og:description\" content=\"(Italiano) Caff\u00e8 del Professore \u00e8 un marchio della Moka Termini srl. Si avvale del supporto logistico e organizzativo di un&#039;azienda in continua espansione.\" \/>\n<meta property=\"og:url\" content=\"https:\/\/ilcaffedelprofessore.it\/en\/azienda\/organizzazione\/\" \/>\n<meta property=\"og:site_name\" content=\"Caff\u00e8 del Professore Italy\" \/>\n<meta property=\"article:publisher\" content=\"https:\/\/www.facebook.com\/caffedelprofessoreitalia\" \/>\n<meta property=\"article:modified_time\" content=\"2016-11-28T15:57:35+00:00\" \/>\n<meta property=\"og:image\" content=\"http:\/\/ilcaffedelprofessore.it\/wp-content\/uploads\/2016\/07\/azienda-organizzazione-INT.jpg\" \/>\n<meta name=\"twitter:card\" content=\"summary_large_image\" \/>\n<meta name=\"twitter:label1\" content=\"Est. reading time\" \/>\n\t<meta name=\"twitter:data1\" content=\"1 minute\" \/>\n<script type=\"application\/ld+json\" class=\"yoast-schema-graph\">{\"@context\":\"https:\/\/schema.org\",\"@graph\":[{\"@type\":\"WebPage\",\"@id\":\"https:\/\/ilcaffedelprofessore.it\/en\/azienda\/organizzazione\/\",\"url\":\"https:\/\/ilcaffedelprofessore.it\/en\/azienda\/organizzazione\/\",\"name\":\"(Italiano) Caff\u00e8 del Professore - Azienda - Organizzazione\",\"isPartOf\":{\"@id\":\"https:\/\/ilcaffedelprofessore.it\/en\/#website\"},\"primaryImageOfPage\":{\"@id\":\"https:\/\/ilcaffedelprofessore.it\/en\/azienda\/organizzazione\/#primaryimage\"},\"image\":{\"@id\":\"https:\/\/ilcaffedelprofessore.it\/en\/azienda\/organizzazione\/#primaryimage\"},\"thumbnailUrl\":\"http:\/\/ilcaffedelprofessore.it\/wp-content\/uploads\/2016\/07\/azienda-organizzazione-INT.jpg\",\"datePublished\":\"2016-07-20T17:09:46+00:00\",\"dateModified\":\"2016-11-28T15:57:35+00:00\",\"description\":\"(Italiano) Caff\u00e8 del Professore \u00e8 un marchio della Moka Termini srl. Si avvale del supporto logistico e organizzativo di un'azienda in continua espansione.\",\"breadcrumb\":{\"@id\":\"https:\/\/ilcaffedelprofessore.it\/en\/azienda\/organizzazione\/#breadcrumb\"},\"inLanguage\":\"en-US\",\"potentialAction\":[{\"@type\":\"ReadAction\",\"target\":[\"https:\/\/ilcaffedelprofessore.it\/en\/azienda\/organizzazione\/\"]}]},{\"@type\":\"ImageObject\",\"inLanguage\":\"en-US\",\"@id\":\"https:\/\/ilcaffedelprofessore.it\/en\/azienda\/organizzazione\/#primaryimage\",\"url\":\"http:\/\/ilcaffedelprofessore.it\/wp-content\/uploads\/2016\/07\/azienda-organizzazione-INT.jpg\",\"contentUrl\":\"http:\/\/ilcaffedelprofessore.it\/wp-content\/uploads\/2016\/07\/azienda-organizzazione-INT.jpg\"},{\"@type\":\"BreadcrumbList\",\"@id\":\"https:\/\/ilcaffedelprofessore.it\/en\/azienda\/organizzazione\/#breadcrumb\",\"itemListElement\":[{\"@type\":\"ListItem\",\"position\":1,\"name\":\"Home\",\"item\":\"https:\/\/ilcaffedelprofessore.it\/\"},{\"@type\":\"ListItem\",\"position\":2,\"name\":\"Who we are\",\"item\":\"https:\/\/ilcaffedelprofessore.it\/en\/azienda\/\"},{\"@type\":\"ListItem\",\"position\":3,\"name\":\"The Company\"}]},{\"@type\":\"WebSite\",\"@id\":\"https:\/\/ilcaffedelprofessore.it\/en\/#website\",\"url\":\"https:\/\/ilcaffedelprofessore.it\/en\/\",\"name\":\"Caff\u00e8 del Professore Italy\",\"description\":\"Coffee industry\",\"potentialAction\":[{\"@type\":\"SearchAction\",\"target\":{\"@type\":\"EntryPoint\",\"urlTemplate\":\"https:\/\/ilcaffedelprofessore.it\/en\/?s={search_term_string}\"},\"query-input\":\"required name=search_term_string\"}],\"inLanguage\":\"en-US\"}]}<\/script>\n<!-- \/ Yoast SEO plugin. -->","yoast_head_json":{"title":"(Italiano) Caff\u00e8 del Professore - Azienda - Organizzazione","description":"(Italiano) Caff\u00e8 del Professore \u00e8 un marchio della Moka Termini srl. Si avvale del supporto logistico e organizzativo di un'azienda in continua espansione.","robots":{"index":"index","follow":"follow","max-snippet":"max-snippet:-1","max-image-preview":"max-image-preview:large","max-video-preview":"max-video-preview:-1"},"canonical":"https:\/\/ilcaffedelprofessore.it\/en\/azienda\/organizzazione\/","og_locale":"en_US","og_type":"article","og_title":"(Italiano) Caff\u00e8 del Professore - Azienda - Organizzazione","og_description":"(Italiano) Caff\u00e8 del Professore \u00e8 un marchio della Moka Termini srl. Si avvale del supporto logistico e organizzativo di un'azienda in continua espansione.","og_url":"https:\/\/ilcaffedelprofessore.it\/en\/azienda\/organizzazione\/","og_site_name":"Caff\u00e8 del Professore Italy","article_publisher":"https:\/\/www.facebook.com\/caffedelprofessoreitalia","article_modified_time":"2016-11-28T15:57:35+00:00","og_image":[{"url":"http:\/\/ilcaffedelprofessore.it\/wp-content\/uploads\/2016\/07\/azienda-organizzazione-INT.jpg"}],"twitter_card":"summary_large_image","twitter_misc":{"Est. reading time":"1 minute"},"schema":{"@context":"https:\/\/schema.org","@graph":[{"@type":"WebPage","@id":"https:\/\/ilcaffedelprofessore.it\/en\/azienda\/organizzazione\/","url":"https:\/\/ilcaffedelprofessore.it\/en\/azienda\/organizzazione\/","name":"(Italiano) Caff\u00e8 del Professore - Azienda - Organizzazione","isPartOf":{"@id":"https:\/\/ilcaffedelprofessore.it\/en\/#website"},"primaryImageOfPage":{"@id":"https:\/\/ilcaffedelprofessore.it\/en\/azienda\/organizzazione\/#primaryimage"},"image":{"@id":"https:\/\/ilcaffedelprofessore.it\/en\/azienda\/organizzazione\/#primaryimage"},"thumbnailUrl":"http:\/\/ilcaffedelprofessore.it\/wp-content\/uploads\/2016\/07\/azienda-organizzazione-INT.jpg","datePublished":"2016-07-20T17:09:46+00:00","dateModified":"2016-11-28T15:57:35+00:00","description":"(Italiano) Caff\u00e8 del Professore \u00e8 un marchio della Moka Termini srl. Si avvale del supporto logistico e organizzativo di un'azienda in continua espansione.","breadcrumb":{"@id":"https:\/\/ilcaffedelprofessore.it\/en\/azienda\/organizzazione\/#breadcrumb"},"inLanguage":"en-US","potentialAction":[{"@type":"ReadAction","target":["https:\/\/ilcaffedelprofessore.it\/en\/azienda\/organizzazione\/"]}]},{"@type":"ImageObject","inLanguage":"en-US","@id":"https:\/\/ilcaffedelprofessore.it\/en\/azienda\/organizzazione\/#primaryimage","url":"http:\/\/ilcaffedelprofessore.it\/wp-content\/uploads\/2016\/07\/azienda-organizzazione-INT.jpg","contentUrl":"http:\/\/ilcaffedelprofessore.it\/wp-content\/uploads\/2016\/07\/azienda-organizzazione-INT.jpg"},{"@type":"BreadcrumbList","@id":"https:\/\/ilcaffedelprofessore.it\/en\/azienda\/organizzazione\/#breadcrumb","itemListElement":[{"@type":"ListItem","position":1,"name":"Home","item":"https:\/\/ilcaffedelprofessore.it\/"},{"@type":"ListItem","position":2,"name":"Who we are","item":"https:\/\/ilcaffedelprofessore.it\/en\/azienda\/"},{"@type":"ListItem","position":3,"name":"The Company"}]},{"@type":"WebSite","@id":"https:\/\/ilcaffedelprofessore.it\/en\/#website","url":"https:\/\/ilcaffedelprofessore.it\/en\/","name":"Caff\u00e8 del Professore Italy","description":"Coffee industry","potentialAction":[{"@type":"SearchAction","target":{"@type":"EntryPoint","urlTemplate":"https:\/\/ilcaffedelprofessore.it\/en\/?s={search_term_string}"},"query-input":"required name=search_term_string"}],"inLanguage":"en-US"}]}},"_links":{"self":[{"href":"https:\/\/ilcaffedelprofessore.it\/en\/wp-json\/wp\/v2\/pages\/114","targetHints":{"allow":["GET"]}}],"collection":[{"href":"https:\/\/ilcaffedelprofessore.it\/en\/wp-json\/wp\/v2\/pages"}],"about":[{"href":"https:\/\/ilcaffedelprofessore.it\/en\/wp-json\/wp\/v2\/types\/page"}],"author":[{"embeddable":true,"href":"https:\/\/ilcaffedelprofessore.it\/en\/wp-json\/wp\/v2\/users\/2"}],"replies":[{"embeddable":true,"href":"https:\/\/ilcaffedelprofessore.it\/en\/wp-json\/wp\/v2\/comments?post=114"}],"version-history":[{"count":4,"href":"https:\/\/ilcaffedelprofessore.it\/en\/wp-json\/wp\/v2\/pages\/114\/revisions"}],"predecessor-version":[{"id":165,"href":"https:\/\/ilcaffedelprofessore.it\/en\/wp-json\/wp\/v2\/pages\/114\/revisions\/165"}],"up":[{"embeddable":true,"href":"https:\/\/ilcaffedelprofessore.it\/en\/wp-json\/wp\/v2\/pages\/10"}],"wp:attachment":[{"href":"https:\/\/ilcaffedelprofessore.it\/en\/wp-json\/wp\/v2\/media?parent=114"}],"curies":[{"name":"wp","href":"https:\/\/api.w.org\/{rel}","templated":true}]}}